{"id":7664,"date":"2025-03-18T19:02:52","date_gmt":"2025-03-18T19:02:52","guid":{"rendered":"https:\/\/www.eggo.be\/?page_id=7664"},"modified":"2026-03-02T09:18:22","modified_gmt":"2026-03-02T09:18:22","slug":"financement","status":"publish","type":"page","link":"https:\/\/www.eggo.lu\/fr\/services\/financement\/","title":{"rendered":"Financer son projet"},"content":{"rendered":"\t\t<div data-elementor-type=\"wp-page\" data-elementor-id=\"7664\" class=\"elementor elementor-7664\" data-elementor-post-type=\"page\">\n\t\t\t\t<div class=\"elementor-element elementor-element-bf27f9a e-flex e-con-boxed e-con e-parent\" data-id=\"bf27f9a\" data-element_type=\"container\" data-e-type=\"container\" data-settings=\"{&quot;background_background&quot;:&quot;classic&quot;}\">\n\t\t\t\t\t<div class=\"e-con-inner\">\n\t\t\t\t<div class=\"elementor-element elementor-element-8a3658d elementor-widget elementor-widget-shortcode\" data-id=\"8a3658d\" data-element_type=\"widget\" data-e-type=\"widget\" data-widget_type=\"shortcode.default\">\n\t\t\t\t<div class=\"elementor-widget-container\">\n\t\t\t\t\t\t\t<div class=\"elementor-shortcode\"><nav class=\"custom-breadcrumbs breadcrumb-desktop\"><\/nav><\/div>\n\t\t\t\t\t\t<\/div>\n\t\t\t\t<\/div>\n\t\t\t\t\t<\/div>\n\t\t\t\t<\/div>\n\t\t<div class=\"elementor-element elementor-element-3274133 e-flex e-con-boxed e-con e-parent\" data-id=\"3274133\" data-element_type=\"container\" data-e-type=\"container\">\n\t\t\t\t\t<div class=\"e-con-inner\">\n\t\t\t\t<div class=\"elementor-element elementor-element-48bef10 elementor-widget__width-initial elementor-widget elementor-widget-heading\" data-id=\"48bef10\" data-element_type=\"widget\" data-e-type=\"widget\" data-widget_type=\"heading.default\">\n\t\t\t\t<div class=\"elementor-widget-container\">\n\t\t\t\t\t<h1 class=\"elementor-heading-title elementor-size-default\">Financer votre projet:\n<br>Votre cuisine encore plus accessible!\n\n<\/h1>\t\t\t\t<\/div>\n\t\t\t\t<\/div>\n\t\t\t\t<div class=\"elementor-element elementor-element-9babc1c elementor-widget__width-initial elementor-widget elementor-widget-text-editor\" data-id=\"9babc1c\" data-element_type=\"widget\" data-e-type=\"widget\" data-widget_type=\"text-editor.default\">\n\t\t\t\t<div class=\"elementor-widget-container\">\n\t\t\t\t\t\t\t\t\t<p class=\"p1\"><strong>Ne laissez plus les contraintes budg\u00e9taires freiner vos projets !<\/strong><\/p><p><strong>Payer votre cuisine en plusieurs mois sans frais.<\/strong><\/p><p><span style=\"font-weight: 400;\">\u00c8ggo vous propose une solution de financement*<\/span><\/p>\t\t\t\t\t\t\t\t<\/div>\n\t\t\t\t<\/div>\n\t\t\t\t<div class=\"elementor-element elementor-element-9e183d5 elementor-widget elementor-widget-image\" data-id=\"9e183d5\" data-element_type=\"widget\" data-e-type=\"widget\" data-widget_type=\"image.default\">\n\t\t\t\t<div class=\"elementor-widget-container\">\n\t\t\t\t\t\t\t\t\t\t\t\t\t\t\t<img fetchpriority=\"high\" decoding=\"async\" width=\"768\" height=\"432\" src=\"https:\/\/www.eggo.lu\/wp-content\/uploads\/2025\/11\/TAEG_site-1-768x432.jpg\" class=\"attachment-medium_large size-medium_large wp-image-40577\" alt=\"\" srcset=\"https:\/\/www.eggo.lu\/wp-content\/uploads\/2025\/11\/TAEG_site-1-768x432.jpg 768w, https:\/\/www.eggo.lu\/wp-content\/uploads\/2025\/11\/TAEG_site-1-300x169.jpg 300w, https:\/\/www.eggo.lu\/wp-content\/uploads\/2025\/11\/TAEG_site-1-1024x576.jpg 1024w, https:\/\/www.eggo.lu\/wp-content\/uploads\/2025\/11\/TAEG_site-1-1536x864.jpg 1536w, https:\/\/www.eggo.lu\/wp-content\/uploads\/2025\/11\/TAEG_site-1-scaled.jpg 2048w\" sizes=\"(max-width: 768px) 100vw, 768px\" \/>\t\t\t\t\t\t\t\t\t\t\t\t\t\t\t<\/div>\n\t\t\t\t<\/div>\n\t\t\t\t<div class=\"elementor-element elementor-element-57bc126 elementor-widget elementor-widget-spacer\" data-id=\"57bc126\" data-element_type=\"widget\" data-e-type=\"widget\" data-widget_type=\"spacer.default\">\n\t\t\t\t<div class=\"elementor-widget-container\">\n\t\t\t\t\t\t\t<div class=\"elementor-spacer\">\n\t\t\t<div class=\"elementor-spacer-inner\"><\/div>\n\t\t<\/div>\n\t\t\t\t\t\t<\/div>\n\t\t\t\t<\/div>\n\t\t\t\t\t<\/div>\n\t\t\t\t<\/div>\n\t\t<div class=\"elementor-element elementor-element-b19d455 e-flex e-con-boxed e-con e-parent\" data-id=\"b19d455\" data-element_type=\"container\" data-e-type=\"container\">\n\t\t\t\t\t<div class=\"e-con-inner\">\n\t\t\t\t<div class=\"elementor-element elementor-element-d2d7773 elementor-widget elementor-widget-heading\" data-id=\"d2d7773\" data-element_type=\"widget\" data-e-type=\"widget\" data-widget_type=\"heading.default\">\n\t\t\t\t<div class=\"elementor-widget-container\">\n\t\t\t\t\t<h2 class=\"elementor-heading-title elementor-size-default\">Attention, emprunter de l\u2019argent co\u00fbte aussi de l\u2019argent.<\/h2>\t\t\t\t<\/div>\n\t\t\t\t<\/div>\n\t\t\t\t<div class=\"elementor-element elementor-element-c503018 elementor-widget elementor-widget-text-editor\" data-id=\"c503018\" data-element_type=\"widget\" data-e-type=\"widget\" data-widget_type=\"text-editor.default\">\n\t\t\t\t<div class=\"elementor-widget-container\">\n\t\t\t\t\t\t\t\t\t<p><b>*JUSQU\u2019AU 31 MARS 2026<\/b><span style=\"font-weight: 400;\">, vous pouvez financer votre achat au taux de<\/span><b> 0% TAEG<\/b><span style=\"font-weight: 400;\">**. C\u2019est l\u2019occasion de r\u00e9aliser votre projet sans faire de compromis sur la qualit\u00e9. Vous recevrez des renseignements compl\u00e9mentaires dans le magasin le plus proche de chez vous.<\/span><\/p><p><span style=\"font-weight: 400;\"><br \/><\/span><span style=\"font-weight: 400;\">*Exemple repr\u00e9sentatif : <\/span><b>TAEG (Taux Annuel Effectif Global) promotionnel de 0%<\/b><span style=\"font-weight: 400;\">, taux d\u00e9biteur annuel <\/span><b>fixe <\/b><span style=\"font-weight: 400;\">de 0%. Acompte obligatoire : 2.978,00\u20ac. Prix au comptant : 9.890,00\u20ac. <\/span><b>Pr\u00eat \u00e0 temp\u00e9rament<\/b><span style=\"font-weight: 400;\">. Montant du cr\u00e9dit de 6.912,00\u20ac, d\u2019une dur\u00e9e de 24 mois, remboursable en 24 mensualit\u00e9s de 288,00\u20ac, montant total d\u00fb : 6.912,00\u20ac. Offre valable du 01\/03\/2026 au 31\/03\/2026 pour un montant emprunt\u00e9 de maximum 8.000,00\u20ac. Sous r\u00e9serve d\u2019acceptation de votre demande de cr\u00e9dit par Alpha Credit s.a., pr\u00eateur, Montagne du Parc 8 Bo\u00eete 3, 1000 Bruxelles, TVA BE 0445.781.316, RPM Bruxelles. Cetelem est une d\u00e9nomination commerciale d\u2019Alpha Credit s.a. Annonceur : Menatam s.a., agent \u00e0 titre accessoire, rue du R\u00e9emploi 4, 5020 Suarl\u00e9e, TVA BE 0421 312 867, RPM Namur. La souscription d\u2019un pr\u00eat \u00e0 temp\u00e9rament est soumise \u00e0 la l\u00e9gislation relative au cr\u00e9dit \u00e0 la consommation, et plus sp\u00e9cifiquement au livre VII du Code de droit \u00e9conomique.<\/span><\/p><p>Annonceur \/ Editeur responsable : MENATAM SA.<\/p><p>Attention, emprunter de l\u2019argent co\u00fbte aussi de l\u2019argent. <br \/><b>** Voir conditions en magasin<\/b><\/p>\t\t\t\t\t\t\t\t<\/div>\n\t\t\t\t<\/div>\n\t\t\t\t\t<\/div>\n\t\t\t\t<\/div>\n\t\t\t\t<\/div>\n\t\t","protected":false},"excerpt":{"rendered":"<p>Financer votre projet: Votre cuisine encore plus accessible! Ne laissez plus les contraintes budg\u00e9taires freiner vos projets ! Payer votre cuisine en plusieurs mois sans frais. \u00c8ggo vous propose une solution de financement* Attention, emprunter de l\u2019argent co\u00fbte aussi de l\u2019argent. *JUSQU\u2019AU 31 MARS 2026, vous pouvez financer votre achat au taux de 0% TAEG**. [&hellip;]<\/p>\n","protected":false},"author":1,"featured_media":0,"parent":6952,"menu_order":0,"comment_status":"closed","ping_status":"closed","template":"","meta":{"footnotes":""},"class_list":["post-7664","page","type-page","status-publish","hentry"],"yoast_head":"<!-- This site is optimized with the Yoast SEO Premium plugin v24.9 (Yoast SEO v27.0) - https:\/\/yoast.com\/product\/yoast-seo-premium-wordpress\/ -->\n<title>Solutions de financement \u00e8ggo pour vos projets sur mesure<\/title>\n<meta name=\"description\" content=\"Avec \u00e8ggo, financez votre cuisine ou meuble sur mesure en toute tranquillit\u00e9. Des options claires et flexibles \u00e0 votre port\u00e9e.\" \/>\n<meta name=\"robots\" content=\"index, follow, max-snippet:-1, max-image-preview:large, max-video-preview:-1\" \/>\n<link rel=\"canonical\" href=\"https:\/\/www.eggo.lu\/fr\/services\/financement\/\" \/>\n<meta property=\"og:locale\" content=\"fr_FR\" \/>\n<meta property=\"og:type\" content=\"article\" \/>\n<meta property=\"og:title\" content=\"Financer son projet\" \/>\n<meta property=\"og:description\" content=\"Avec \u00e8ggo, financez votre cuisine ou meuble sur mesure en toute tranquillit\u00e9. Des options claires et flexibles \u00e0 votre port\u00e9e.\" \/>\n<meta property=\"og:url\" content=\"https:\/\/www.eggo.lu\/fr\/services\/financement\/\" \/>\n<meta property=\"og:site_name\" content=\"Eggo\" \/>\n<meta property=\"article:publisher\" content=\"https:\/\/www.facebook.com\/eggokitchen\" \/>\n<meta property=\"article:modified_time\" content=\"2026-03-02T09:18:22+00:00\" \/>\n<meta property=\"og:image\" content=\"https:\/\/www.eggo.lu\/wp-content\/uploads\/2025\/11\/TAEG_site-1-768x432.jpg\" \/>\n<meta name=\"twitter:card\" content=\"summary_large_image\" \/>\n<meta name=\"twitter:label1\" content=\"Est. reading time\" \/>\n\t<meta name=\"twitter:data1\" content=\"2 minutes\" \/>\n<script type=\"application\/ld+json\" class=\"yoast-schema-graph\">{\"@context\":\"https:\/\/schema.org\",\"@graph\":[{\"@type\":\"WebPage\",\"@id\":\"https:\/\/www.eggo.lu\/fr\/services\/financement\/\",\"url\":\"https:\/\/www.eggo.lu\/fr\/services\/financement\/\",\"name\":\"Solutions de financement \u00e8ggo pour vos projets sur mesure\",\"isPartOf\":{\"@id\":\"https:\/\/www.eggo.lu\/fr\/#website\"},\"primaryImageOfPage\":{\"@id\":\"https:\/\/www.eggo.lu\/fr\/services\/financement\/#primaryimage\"},\"image\":{\"@id\":\"https:\/\/www.eggo.lu\/fr\/services\/financement\/#primaryimage\"},\"thumbnailUrl\":\"https:\/\/www.eggo.lu\/wp-content\/uploads\/2025\/11\/TAEG_site-1-768x432.jpg\",\"datePublished\":\"2025-03-18T19:02:52+00:00\",\"dateModified\":\"2026-03-02T09:18:22+00:00\",\"description\":\"Avec \u00e8ggo, financez votre cuisine ou meuble sur mesure en toute tranquillit\u00e9. Des options claires et flexibles \u00e0 votre port\u00e9e.\",\"breadcrumb\":{\"@id\":\"https:\/\/www.eggo.lu\/fr\/services\/financement\/#breadcrumb\"},\"inLanguage\":\"fr-FR\",\"potentialAction\":[{\"@type\":\"ReadAction\",\"target\":[\"https:\/\/www.eggo.lu\/fr\/services\/financement\/\"]}]},{\"@type\":\"ImageObject\",\"inLanguage\":\"fr-FR\",\"@id\":\"https:\/\/www.eggo.lu\/fr\/services\/financement\/#primaryimage\",\"url\":\"https:\/\/www.eggo.lu\/wp-content\/uploads\/2025\/11\/TAEG_site-1-768x432.jpg\",\"contentUrl\":\"https:\/\/www.eggo.lu\/wp-content\/uploads\/2025\/11\/TAEG_site-1-768x432.jpg\"},{\"@type\":\"BreadcrumbList\",\"@id\":\"https:\/\/www.eggo.lu\/fr\/services\/financement\/#breadcrumb\",\"itemListElement\":[{\"@type\":\"ListItem\",\"position\":1,\"name\":\"Home\",\"item\":\"https:\/\/www.eggo.lu\/fr\/\"},{\"@type\":\"ListItem\",\"position\":2,\"name\":\"Services\",\"item\":\"https:\/\/www.eggo.lu\/fr\/services\/\"},{\"@type\":\"ListItem\",\"position\":3,\"name\":\"Financer son projet\"}]},{\"@type\":\"WebSite\",\"@id\":\"https:\/\/www.eggo.lu\/fr\/#website\",\"url\":\"https:\/\/www.eggo.lu\/fr\/\",\"name\":\"\u00e8ggo\",\"description\":\"\",\"publisher\":{\"@id\":\"https:\/\/www.eggo.lu\/fr\/#organization\"},\"potentialAction\":[{\"@type\":\"SearchAction\",\"target\":{\"@type\":\"EntryPoint\",\"urlTemplate\":\"https:\/\/www.eggo.lu\/fr\/?s={search_term_string}\"},\"query-input\":{\"@type\":\"PropertyValueSpecification\",\"valueRequired\":true,\"valueName\":\"search_term_string\"}}],\"inLanguage\":\"fr-FR\"},{\"@type\":[\"Organization\",\"Place\"],\"@id\":\"https:\/\/www.eggo.lu\/fr\/#organization\",\"name\":\"\u00e8ggo\",\"alternateName\":\"eggo\",\"url\":\"https:\/\/www.eggo.lu\/fr\/\",\"logo\":{\"@id\":\"https:\/\/www.eggo.lu\/fr\/services\/financement\/#local-main-organization-logo\"},\"image\":{\"@id\":\"https:\/\/www.eggo.lu\/fr\/services\/financement\/#local-main-organization-logo\"},\"sameAs\":[\"https:\/\/www.facebook.com\/eggokitchen\",\"https:\/\/www.linkedin.com\/company\/eggo\/\"],\"description\":\"Des cuisines et meubles de rangement de qualit\u00e9 \u00e0 des prix avantageux ! D\u00e9couvrez nos mod\u00e8les et prenez rendez-vous en ligne dans votre showroom \u00e8ggo.\",\"telephone\":[],\"openingHoursSpecification\":[{\"@type\":\"OpeningHoursSpecification\",\"dayOfWeek\":[\"Monday\",\"Tuesday\",\"Wednesday\",\"Thursday\",\"Friday\",\"Saturday\",\"Sunday\"],\"opens\":\"09:00\",\"closes\":\"17:00\"}]},{\"@type\":\"ImageObject\",\"inLanguage\":\"fr-FR\",\"@id\":\"https:\/\/www.eggo.lu\/fr\/services\/financement\/#local-main-organization-logo\",\"url\":\"https:\/\/www.eggo.lu\/wp-content\/uploads\/2025\/01\/Logo.png\",\"contentUrl\":\"https:\/\/www.eggo.lu\/wp-content\/uploads\/2025\/01\/Logo.png\",\"width\":88,\"height\":88,\"caption\":\"\u00e8ggo\"}]}<\/script>\n<!-- \/ Yoast SEO Premium plugin. -->","yoast_head_json":{"title":"Solutions de financement \u00e8ggo pour vos projets sur mesure","description":"Avec \u00e8ggo, financez votre cuisine ou meuble sur mesure en toute tranquillit\u00e9. Des options claires et flexibles \u00e0 votre port\u00e9e.","robots":{"index":"index","follow":"follow","max-snippet":"max-snippet:-1","max-image-preview":"max-image-preview:large","max-video-preview":"max-video-preview:-1"},"canonical":"https:\/\/www.eggo.lu\/fr\/services\/financement\/","og_locale":"fr_FR","og_type":"article","og_title":"Financer son projet","og_description":"Avec \u00e8ggo, financez votre cuisine ou meuble sur mesure en toute tranquillit\u00e9. Des options claires et flexibles \u00e0 votre port\u00e9e.","og_url":"https:\/\/www.eggo.lu\/fr\/services\/financement\/","og_site_name":"Eggo","article_publisher":"https:\/\/www.facebook.com\/eggokitchen","article_modified_time":"2026-03-02T09:18:22+00:00","og_image":[{"url":"https:\/\/www.eggo.lu\/wp-content\/uploads\/2025\/11\/TAEG_site-1-768x432.jpg","type":"","width":"","height":""}],"twitter_card":"summary_large_image","twitter_misc":{"Est. reading time":"2 minutes"},"schema":{"@context":"https:\/\/schema.org","@graph":[{"@type":"WebPage","@id":"https:\/\/www.eggo.lu\/fr\/services\/financement\/","url":"https:\/\/www.eggo.lu\/fr\/services\/financement\/","name":"Solutions de financement \u00e8ggo pour vos projets sur mesure","isPartOf":{"@id":"https:\/\/www.eggo.lu\/fr\/#website"},"primaryImageOfPage":{"@id":"https:\/\/www.eggo.lu\/fr\/services\/financement\/#primaryimage"},"image":{"@id":"https:\/\/www.eggo.lu\/fr\/services\/financement\/#primaryimage"},"thumbnailUrl":"https:\/\/www.eggo.lu\/wp-content\/uploads\/2025\/11\/TAEG_site-1-768x432.jpg","datePublished":"2025-03-18T19:02:52+00:00","dateModified":"2026-03-02T09:18:22+00:00","description":"Avec \u00e8ggo, financez votre cuisine ou meuble sur mesure en toute tranquillit\u00e9. Des options claires et flexibles \u00e0 votre port\u00e9e.","breadcrumb":{"@id":"https:\/\/www.eggo.lu\/fr\/services\/financement\/#breadcrumb"},"inLanguage":"fr-FR","potentialAction":[{"@type":"ReadAction","target":["https:\/\/www.eggo.lu\/fr\/services\/financement\/"]}]},{"@type":"ImageObject","inLanguage":"fr-FR","@id":"https:\/\/www.eggo.lu\/fr\/services\/financement\/#primaryimage","url":"https:\/\/www.eggo.lu\/wp-content\/uploads\/2025\/11\/TAEG_site-1-768x432.jpg","contentUrl":"https:\/\/www.eggo.lu\/wp-content\/uploads\/2025\/11\/TAEG_site-1-768x432.jpg"},{"@type":"BreadcrumbList","@id":"https:\/\/www.eggo.lu\/fr\/services\/financement\/#breadcrumb","itemListElement":[{"@type":"ListItem","position":1,"name":"Home","item":"https:\/\/www.eggo.lu\/fr\/"},{"@type":"ListItem","position":2,"name":"Services","item":"https:\/\/www.eggo.lu\/fr\/services\/"},{"@type":"ListItem","position":3,"name":"Financer son projet"}]},{"@type":"WebSite","@id":"https:\/\/www.eggo.lu\/fr\/#website","url":"https:\/\/www.eggo.lu\/fr\/","name":"\u00e8ggo","description":"","publisher":{"@id":"https:\/\/www.eggo.lu\/fr\/#organization"},"potentialAction":[{"@type":"SearchAction","target":{"@type":"EntryPoint","urlTemplate":"https:\/\/www.eggo.lu\/fr\/?s={search_term_string}"},"query-input":{"@type":"PropertyValueSpecification","valueRequired":true,"valueName":"search_term_string"}}],"inLanguage":"fr-FR"},{"@type":["Organization","Place"],"@id":"https:\/\/www.eggo.lu\/fr\/#organization","name":"\u00e8ggo","alternateName":"eggo","url":"https:\/\/www.eggo.lu\/fr\/","logo":{"@id":"https:\/\/www.eggo.lu\/fr\/services\/financement\/#local-main-organization-logo"},"image":{"@id":"https:\/\/www.eggo.lu\/fr\/services\/financement\/#local-main-organization-logo"},"sameAs":["https:\/\/www.facebook.com\/eggokitchen","https:\/\/www.linkedin.com\/company\/eggo\/"],"description":"Des cuisines et meubles de rangement de qualit\u00e9 \u00e0 des prix avantageux ! D\u00e9couvrez nos mod\u00e8les et prenez rendez-vous en ligne dans votre showroom \u00e8ggo.","telephone":[],"openingHoursSpecification":[{"@type":"OpeningHoursSpecification","dayOfWeek":["Monday","Tuesday","Wednesday","Thursday","Friday","Saturday","Sunday"],"opens":"09:00","closes":"17:00"}]},{"@type":"ImageObject","inLanguage":"fr-FR","@id":"https:\/\/www.eggo.lu\/fr\/services\/financement\/#local-main-organization-logo","url":"https:\/\/www.eggo.lu\/wp-content\/uploads\/2025\/01\/Logo.png","contentUrl":"https:\/\/www.eggo.lu\/wp-content\/uploads\/2025\/01\/Logo.png","width":88,"height":88,"caption":"\u00e8ggo"}]}},"meta_box":{"promotion_toggle":"0","small_featured_promotion_toggle":"0","promotion_icon":[],"promotion_description":"","promotion_period":"","promotion_link":"","promotion_bg_color":"#ffffff","promotion_text_color":"#fe5000","read_more_content":"<h4>Comment faire une demande de financement ?<\/h4>\n<p>N\u2019h\u00e9sitez pas \u00e0 faire part de votre souhait de financement \u00e0 votre conseiller. Il vous renseignera sur les possibilit\u00e9s de financement, les taux, les dur\u00e9es et vous pourrez r\u00e9aliser ensemble une simulation afin de choisir la formule qui vous convient.<\/p>\n<p><strong>Attention : emprunter de l\u2019argent co\u00fbte aussi de l\u2019argent.<\/strong><\/p>\n<h4>Notre partenaire :<\/h4>\n<p>\u00e8ggo avec notre partenaire Alpha cr\u00e9dit<\/p>\n<h4>Contactez votre magasin \u00e8ggo<\/h4>\n<p>Vous avez des questions ou souhaitez une simulation de financement ? N\u2019h\u00e9sitez pas \u00e0 contacter votre magasin pour tous renseignements compl\u00e9mentaires. Sans engagement.<\/p>\n","catalog_pdf":[]},"_links":{"self":[{"href":"https:\/\/www.eggo.lu\/fr\/wp-json\/wp\/v2\/pages\/7664","targetHints":{"allow":["GET"]}}],"collection":[{"href":"https:\/\/www.eggo.lu\/fr\/wp-json\/wp\/v2\/pages"}],"about":[{"href":"https:\/\/www.eggo.lu\/fr\/wp-json\/wp\/v2\/types\/page"}],"author":[{"embeddable":true,"href":"https:\/\/www.eggo.lu\/fr\/wp-json\/wp\/v2\/users\/1"}],"replies":[{"embeddable":true,"href":"https:\/\/www.eggo.lu\/fr\/wp-json\/wp\/v2\/comments?post=7664"}],"version-history":[{"count":124,"href":"https:\/\/www.eggo.lu\/fr\/wp-json\/wp\/v2\/pages\/7664\/revisions"}],"predecessor-version":[{"id":40852,"href":"https:\/\/www.eggo.lu\/fr\/wp-json\/wp\/v2\/pages\/7664\/revisions\/40852"}],"up":[{"embeddable":true,"href":"https:\/\/www.eggo.lu\/fr\/wp-json\/wp\/v2\/pages\/6952"}],"wp:attachment":[{"href":"https:\/\/www.eggo.lu\/fr\/wp-json\/wp\/v2\/media?parent=7664"}],"curies":[{"name":"wp","href":"https:\/\/api.w.org\/{rel}","templated":true}]}}