{"id":31125,"date":"2025-04-18T17:09:20","date_gmt":"2025-04-18T17:09:20","guid":{"rendered":"https:\/\/www.eggo.be\/?page_id=31125"},"modified":"2025-07-07T09:38:46","modified_gmt":"2025-07-07T09:38:46","slug":"liege","status":"publish","type":"page","link":"https:\/\/www.eggo.lu\/fr\/nos-showrooms\/liege\/","title":{"rendered":"Magasins \u00e8ggo\u00a0dans la province de\u00a0Li\u00e8ge"},"content":{"rendered":"\t\t<div data-elementor-type=\"wp-page\" data-elementor-id=\"31125\" class=\"elementor elementor-31125\" data-elementor-post-type=\"page\">\n\t\t\t\t<div class=\"elementor-element elementor-element-5536ab9 e-flex e-con-boxed e-con e-parent\" data-id=\"5536ab9\" data-element_type=\"container\" data-e-type=\"container\">\n\t\t\t\t\t<div class=\"e-con-inner\">\n\t\t<div class=\"elementor-element elementor-element-8307b54 e-con-full e-flex e-con e-child\" data-id=\"8307b54\" data-element_type=\"container\" data-e-type=\"container\">\n\t\t\t\t<div class=\"elementor-element elementor-element-47b4346 elementor-widget elementor-widget-heading\" data-id=\"47b4346\" data-element_type=\"widget\" data-e-type=\"widget\" data-widget_type=\"heading.default\">\n\t\t\t\t<div class=\"elementor-widget-container\">\n\t\t\t\t\t<h1 class=\"elementor-heading-title elementor-size-default\">Magasins \u00e8ggo dans la province de Li\u00e8ge\n<\/h1>\t\t\t\t<\/div>\n\t\t\t\t<\/div>\n\t\t\t\t<div class=\"elementor-element elementor-element-131bd9c elementor-widget elementor-widget-text-editor\" data-id=\"131bd9c\" data-element_type=\"widget\" data-e-type=\"widget\" data-widget_type=\"text-editor.default\">\n\t\t\t\t<div class=\"elementor-widget-container\">\n\t\t\t\t\t\t\t\t\t<p>Vous recherchez un\u00a0<strong>magasin \u00e8ggo<\/strong>\u00a0\u00e0\u00a0<strong>Li\u00e8ge<\/strong>? Retrouvez ci-dessous la liste de tous les magasins dans la province de Li\u00e8ge. Gr\u00e2ce \u00e0 notre vaste r\u00e9seau de plus de\u00a0<strong>54 showrooms<\/strong>\u00a0r\u00e9partis dans toute la Belgique, et notamment dans la r\u00e9gion de Li\u00e8ge, vous trouverez sans nul doute votre conseiller \u00e8ggo en\u00a0<a href=\"https:\/\/www.eggo.be\/fr\/cuisines\">cuisine<\/a>\u00a0ou en\u00a0<a href=\"https:\/\/www.eggo.be\/fr\/placard\">placard<\/a>\u00a0\u00e0 proximit\u00e9 de chez vous. D\u00e9couvrez notre gamme de cuisines et dressings sur mesure et obtenez des conseils de nos experts.<\/p>\t\t\t\t\t\t\t\t<\/div>\n\t\t\t\t<\/div>\n\t\t\t\t<\/div>\n\t\t<div class=\"elementor-element elementor-element-52432f6 e-con-full e-flex e-con e-child\" data-id=\"52432f6\" data-element_type=\"container\" data-e-type=\"container\">\n\t\t\t\t<div class=\"elementor-element elementor-element-0f865b5 elementor-widget elementor-widget-image\" data-id=\"0f865b5\" data-element_type=\"widget\" data-e-type=\"widget\" data-widget_type=\"image.default\">\n\t\t\t\t<div class=\"elementor-widget-container\">\n\t\t\t\t\t\t\t\t\t\t\t\t\t\t\t<img fetchpriority=\"high\" decoding=\"async\" width=\"350\" height=\"211\" src=\"https:\/\/www.eggo.lu\/wp-content\/uploads\/2025\/04\/eggo-namur-magasin-cuisines-placards-dressings.png\" class=\"attachment-full size-full wp-image-31039\" alt=\"Une tablette blanche affiche une carte avec un marqueur rouge localisant Namur, accompagn\u00e9e de deux ic\u00f4nes de localisation.\" srcset=\"https:\/\/www.eggo.lu\/wp-content\/uploads\/2025\/04\/eggo-namur-magasin-cuisines-placards-dressings.png 350w, https:\/\/www.eggo.lu\/wp-content\/uploads\/2025\/04\/eggo-namur-magasin-cuisines-placards-dressings-300x181.png 300w\" sizes=\"(max-width: 350px) 100vw, 350px\" \/>\t\t\t\t\t\t\t\t\t\t\t\t\t\t\t<\/div>\n\t\t\t\t<\/div>\n\t\t\t\t<\/div>\n\t\t\t\t\t<\/div>\n\t\t\t\t<\/div>\n\t\t<div class=\"elementor-element elementor-element-365f071 e-flex e-con-boxed e-con e-parent\" data-id=\"365f071\" data-element_type=\"container\" data-e-type=\"container\" data-settings=\"{&quot;background_background&quot;:&quot;classic&quot;}\">\n\t\t\t\t\t<div class=\"e-con-inner\">\n\t\t\t\t<div class=\"elementor-element elementor-element-d4cb48d elementor-widget elementor-widget-heading\" data-id=\"d4cb48d\" data-element_type=\"widget\" data-e-type=\"widget\" data-widget_type=\"heading.default\">\n\t\t\t\t<div class=\"elementor-widget-container\">\n\t\t\t\t\t<h2 class=\"elementor-heading-title elementor-size-default\">Trouvez votre showroom \u00e8ggo \u00e0 proximit\u00e9 de votre ville dans la province de Li\u00e8ge\n<\/h2>\t\t\t\t<\/div>\n\t\t\t\t<\/div>\n\t\t<div class=\"elementor-element elementor-element-05f4e09 e-con-full e-flex e-con e-child\" data-id=\"05f4e09\" data-element_type=\"container\" data-e-type=\"container\">\n\t\t\t\t<div class=\"elementor-element elementor-element-6d4e8c0 elementor-widget__width-initial elementor-widget elementor-widget-text-editor\" data-id=\"6d4e8c0\" data-element_type=\"widget\" data-e-type=\"widget\" data-widget_type=\"text-editor.default\">\n\t\t\t\t<div class=\"elementor-widget-container\">\n\t\t\t\t\t\t\t\t\t<a href=\"https:\/\/www.eggo.be\/fr\/nos-showrooms?city=Li%C3%A8ge\">Li\u00e8ge<\/a>\n<br \/><a href=\"https:\/\/www.eggo.be\/fr\/nos-showrooms?city=Seraing\">Seraing<\/a>\n<br \/><a href=\"https:\/\/www.eggo.be\/fr\/nos-showrooms?city=Verviers\">Verviers<\/a>\n<br \/><a href=\"https:\/\/www.eggo.be\/fr\/nos-showrooms?city=Ans\">Ans<\/a>\n<br \/><a href=\"https:\/\/www.eggo.be\/fr\/nos-showrooms?city=Fl%C3%A9malle\">Fl\u00e9malle<\/a>\n<br \/><a href=\"https:\/\/www.eggo.be\/fr\/nos-showrooms?city=Oupeye\">Oupeye<\/a>\n<br \/><a href=\"https:\/\/www.eggo.be\/fr\/nos-showrooms?city=Saint-Nicolas\">Saint-Nicolas<\/a>\n<br \/><a href=\"https:\/\/www.eggo.be\/fr\/nos-showrooms?city=Gr%C3%A2ce-Hollogne\">Gr\u00e2ce-Hollogne<\/a>\n<br \/><a href=\"https:\/\/www.eggo.be\/fr\/nos-showrooms?city=Chaudfontaine\">Chaudfontaine<\/a>\n<br \/><a href=\"https:\/\/www.eggo.be\/fr\/nos-showrooms?city=Huy\">Huy<\/a>\t\t\t\t\t\t\t\t<\/div>\n\t\t\t\t<\/div>\n\t\t\t\t<div class=\"elementor-element elementor-element-dba584f elementor-widget__width-initial elementor-widget elementor-widget-text-editor\" data-id=\"dba584f\" data-element_type=\"widget\" data-e-type=\"widget\" data-widget_type=\"text-editor.default\">\n\t\t\t\t<div class=\"elementor-widget-container\">\n\t\t\t\t\t\t\t\t\t<a href=\"https:\/\/www.eggo.be\/fr\/nos-showrooms?city=Eupen\">Eupen<\/a>\n<br \/><a href=\"https:\/\/www.eggo.be\/fr\/nos-showrooms?city=Vis%C3%A9\">Vis\u00e9<\/a>\n<br \/><a href=\"https:\/\/www.eggo.be\/fr\/nos-showrooms?city=Herve\">Herve<\/a>\n<br \/><a href=\"https:\/\/www.eggo.be\/fr\/nos-showrooms?city=Fl%C3%A9ron\">Fl\u00e9ron<\/a>\n<br \/><a href=\"https:\/\/www.eggo.be\/fr\/nos-showrooms?city=Soumagne\">Soumagne<\/a>\n<br \/><a href=\"https:\/\/www.eggo.be\/fr\/nos-showrooms?city=Hannut\">Hannut<\/a>\n<br \/><a href=\"https:\/\/www.eggo.be\/fr\/nos-showrooms?city=Dison\">Dison<\/a>\n<br \/><a href=\"https:\/\/www.eggo.be\/fr\/nos-showrooms?city=Waremme\">Waremme<\/a>\n<br \/><a href=\"https:\/\/www.eggo.be\/fr\/nos-showrooms?city=Amay\">Amay<\/a>\n<br \/><a href=\"https:\/\/www.eggo.be\/fr\/nos-showrooms?city=Sprimont\">Sprimont<\/a>\t\t\t\t\t\t\t\t<\/div>\n\t\t\t\t<\/div>\n\t\t\t\t<div class=\"elementor-element elementor-element-b1d0842 elementor-widget__width-initial elementor-widget elementor-widget-text-editor\" data-id=\"b1d0842\" data-element_type=\"widget\" data-e-type=\"widget\" data-widget_type=\"text-editor.default\">\n\t\t\t\t<div class=\"elementor-widget-container\">\n\t\t\t\t\t\t\t\t\t<a href=\"https:\/\/www.eggo.be\/fr\/nos-showrooms?city=Esneux\">Esneux<\/a>\n<br \/><a href=\"https:\/\/www.eggo.be\/fr\/nos-showrooms?city=Bl%C3%A9gny\">Bl\u00e9gny<\/a>\n<br \/><a href=\"https:\/\/www.eggo.be\/fr\/nos-showrooms?city=Wanze\">Wanze<\/a>\n<br \/><a href=\"https:\/\/www.eggo.be\/fr\/nos-showrooms?city=Malmedy\">Malmedy<\/a>\n<br \/><a href=\"https:\/\/www.eggo.be\/fr\/nos-showrooms?city=Beyne-Heusay\">Beyne-Heusay<\/a>\n<br \/><a href=\"https:\/\/www.eggo.be\/fr\/nos-showrooms?city=Theux\">Theux<\/a>\n<br \/><a href=\"https:\/\/www.eggo.be\/fr\/nos-showrooms?city=Aywaille\">Aywaille<\/a>\n<br \/><a href=\"https:\/\/www.eggo.be\/fr\/nos-showrooms?city=La%20Calamine\">La Calamine<\/a>\n<br \/><a href=\"https:\/\/www.eggo.be\/fr\/nos-showrooms?city=Spa\">Spa<\/a>\n<br \/><a href=\"https:\/\/www.eggo.be\/fr\/nos-showrooms?city=Raeren\">Raeren<\/a>\t\t\t\t\t\t\t\t<\/div>\n\t\t\t\t<\/div>\n\t\t\t\t<div class=\"elementor-element elementor-element-c690775 elementor-widget__width-initial elementor-widget elementor-widget-text-editor\" data-id=\"c690775\" data-element_type=\"widget\" data-e-type=\"widget\" data-widget_type=\"text-editor.default\">\n\t\t\t\t<div class=\"elementor-widget-container\">\n\t\t\t\t\t\t\t\t\t<a href=\"https:\/\/www.eggo.be\/fr\/nos-showrooms?city=Plombi%C3%A8res\">Plombi\u00e8res<\/a>\n<br \/><a href=\"https:\/\/www.eggo.be\/fr\/nos-showrooms?city=Neupr%C3%A9\">Neupr\u00e9<\/a>\n<br \/><a href=\"https:\/\/www.eggo.be\/fr\/nos-showrooms?city=Pepinster\">Pepinster<\/a>\n<br \/><a href=\"https:\/\/www.eggo.be\/fr\/nos-showrooms?city=Welkenraedt\">Welkenraedt<\/a>\n<br \/><a href=\"https:\/\/www.eggo.be\/fr\/nos-showrooms?city=Saint-Vith\">Saint-Vith<\/a>\n<br \/><a href=\"https:\/\/www.eggo.be\/fr\/nos-showrooms?city=Awans\">Awans<\/a>\n<br \/><a href=\"https:\/\/www.eggo.be\/fr\/nos-showrooms?city=Juprelle\">Juprelle<\/a>\n<br \/><a href=\"https:\/\/www.eggo.be\/fr\/nos-showrooms?city=Bassenge\">Bassenge<\/a>\n<br \/><a href=\"https:\/\/www.eggo.be\/fr\/nos-showrooms?city=Jalhay\">Jalhay<\/a>\t\t\t\t\t\t\t\t<\/div>\n\t\t\t\t<\/div>\n\t\t\t\t<\/div>\n\t\t\t\t\t<\/div>\n\t\t\t\t<\/div>\n\t\t<div class=\"elementor-element elementor-element-adae0b5 e-flex e-con-boxed e-con e-parent\" data-id=\"adae0b5\" data-element_type=\"container\" data-e-type=\"container\">\n\t\t\t\t\t<div class=\"e-con-inner\">\n\t\t<div class=\"elementor-element elementor-element-54e3cdd e-con-full e-flex e-con e-child\" data-id=\"54e3cdd\" data-element_type=\"container\" data-e-type=\"container\">\n\t\t\t\t<div class=\"elementor-element elementor-element-6570c57 elementor-widget elementor-widget-heading\" data-id=\"6570c57\" data-element_type=\"widget\" data-e-type=\"widget\" data-widget_type=\"heading.default\">\n\t\t\t\t<div class=\"elementor-widget-container\">\n\t\t\t\t\t<h2 class=\"elementor-heading-title elementor-size-default\">\u00c9v\u00e8nement du showroom<\/h2>\t\t\t\t<\/div>\n\t\t\t\t<\/div>\n\t\t\t\t<div class=\"elementor-element elementor-element-5a39454 elementor-widget elementor-widget-text-editor\" data-id=\"5a39454\" data-element_type=\"widget\" data-e-type=\"widget\" data-widget_type=\"text-editor.default\">\n\t\t\t\t<div class=\"elementor-widget-container\">\n\t\t\t\t\t\t\t\t\t<p>Gr\u00e2ce \u00e0 notre vaste r\u00e9seau de plus de 50 showrooms r\u00e9partis dans toutes les provinces de Belgique, vous trouverez tr\u00e8s certainement un conseiller \u00e8ggo sp\u00e9cialiste des cuisines et placards pr\u00e8s de chez vous. Nous sommes aussi pr\u00e9sents dans&nbsp;le&nbsp;<a href=\"https:\/\/www.eggo.be\/fr\/brabant-wallon\" target=\"_blank\" rel=\"noopener\"><u>Brabant wallon<\/u><\/a>, le&nbsp;<a href=\"https:\/\/www.eggo.be\/fr\/hainaut\" target=\"_blank\" rel=\"noopener\"><u>Hainaut<\/u><\/a>, \u00e0&nbsp;<a href=\"https:\/\/www.eggo.be\/fr\/liege\" target=\"_blank\" rel=\"noopener\"><u>Li\u00e8ge<\/u><\/a>,&nbsp;\u00e0&nbsp;<a href=\"https:\/\/www.eggo.be\/fr\/bruxelles\" target=\"_blank\" rel=\"noopener\"><u>Bruxelles<\/u><\/a>&nbsp;et \u00e0&nbsp;<a href=\"https:\/\/www.eggo.be\/fr\/anvers\" target=\"_blank\" rel=\"noopener\"><u>Anvers<\/u><\/a>, mais aussi dans le&nbsp;<a href=\"https:\/\/www.eggo.be\/fr\/brabant-flamand\" target=\"_blank\" rel=\"noopener\"><u>Brabant flamand<\/u><\/a>, en&nbsp;<a href=\"https:\/\/www.eggo.be\/fr\/flandre-occidentale\" target=\"_blank\" rel=\"noopener\"><u>Flandre occidentale<\/u><\/a>, en&nbsp;<a href=\"https:\/\/www.eggo.be\/fr\/flandre-orientale\" target=\"_blank\" rel=\"noopener\"><u>Flandre orientale<\/u>&nbsp;<\/a>et dans le&nbsp;<a href=\"https:\/\/www.eggo.be\/fr\/limbourg\" target=\"_blank\" rel=\"noopener\"><u>Limbourg<\/u><\/a>.<\/p>\t\t\t\t\t\t\t\t<\/div>\n\t\t\t\t<\/div>\n\t\t\t\t<\/div>\n\t\t<div class=\"elementor-element elementor-element-c4f9cd9 e-con-full e-flex e-con e-child\" data-id=\"c4f9cd9\" data-element_type=\"container\" data-e-type=\"container\">\n\t\t\t\t<div class=\"elementor-element elementor-element-19e2463 elementor-widget elementor-widget-heading\" data-id=\"19e2463\" data-element_type=\"widget\" data-e-type=\"widget\" data-widget_type=\"heading.default\">\n\t\t\t\t<div class=\"elementor-widget-container\">\n\t\t\t\t\t<h2 class=\"elementor-heading-title elementor-size-default\">Recherches associ\u00e9es \u00e0 \u00e8ggo Li\u00e8ge\n<\/h2>\t\t\t\t<\/div>\n\t\t\t\t<\/div>\n\t\t\t\t<div class=\"elementor-element elementor-element-cd13163 elementor-widget elementor-widget-text-editor\" data-id=\"cd13163\" data-element_type=\"widget\" data-e-type=\"widget\" data-widget_type=\"text-editor.default\">\n\t\t\t\t<div class=\"elementor-widget-container\">\n\t\t\t\t\t\t\t\t\t<article class=\"page content\"><header class=\"page-header\">\n<div class=\"container\">\n<div class=\"page-meta\">\n<div class=\"summary typeset\">\n<article class=\"page content\"><header class=\"page-header\">\n<div class=\"container\">\n<div class=\"page-meta\">\n<div class=\"summary typeset\">\n<article class=\"page content\"><header class=\"page-header\">\n<div class=\"container\">\n<div class=\"page-meta\">\n<div class=\"summary typeset\">\n<article class=\"page content\"><header class=\"page-header\">\n<div class=\"container\">\n<div class=\"page-meta\">\n<div class=\"summary typeset\">\n<p>cuisine Li\u00e8ge, cuisine sur mesure Li\u00e8ge, cuisiniste Li\u00e8ge, cuisine \u00e9quip\u00e9e Li\u00e8ge, cuisine 3D Li\u00e8ge, cuisine design Li\u00e8ge, cuisine pas cher Li\u00e8ge, cuisine belge Li\u00e8ge, magasin \u00e9lectrom\u00e9nager Li\u00e8ge, magasin cuisine Li\u00e8ge, placard sur mesure Li\u00e8ge, am\u00e9nagement cuisine Li\u00e8ge, dressing sur mesure Li\u00e8ge<\/p>\n<\/div>\n<\/div>\n<\/div>\n<\/header><\/article>\n<\/div>\n<\/div>\n<\/div>\n<\/header><\/article>\n<\/div>\n<\/div>\n<\/div>\n<\/header><\/article>\n<\/div>\n<\/div>\n<\/div>\n<\/header><\/article>\t\t\t\t\t\t\t\t<\/div>\n\t\t\t\t<\/div>\n\t\t\t\t<\/div>\n\t\t\t\t\t<\/div>\n\t\t\t\t<\/div>\n\t\t<div class=\"elementor-element elementor-element-3a159c2 e-flex e-con-boxed e-con e-parent\" data-id=\"3a159c2\" data-element_type=\"container\" data-e-type=\"container\">\n\t\t\t\t\t<div class=\"e-con-inner\">\n\t\t\t\t\t<\/div>\n\t\t\t\t<\/div>\n\t\t\t\t<\/div>\n\t\t","protected":false},"excerpt":{"rendered":"<p>Magasins \u00e8ggo dans la province de Li\u00e8ge Vous recherchez un\u00a0magasin \u00e8ggo\u00a0\u00e0\u00a0Li\u00e8ge? Retrouvez ci-dessous la liste de tous les magasins dans la province de Li\u00e8ge. Gr\u00e2ce \u00e0 notre vaste r\u00e9seau de plus de\u00a054 showrooms\u00a0r\u00e9partis dans toute la Belgique, et notamment dans la r\u00e9gion de Li\u00e8ge, vous trouverez sans nul doute votre conseiller \u00e8ggo en\u00a0cuisine\u00a0ou en\u00a0placard\u00a0\u00e0 proximit\u00e9 [&hellip;]<\/p>\n","protected":false},"author":1,"featured_media":0,"parent":6423,"menu_order":0,"comment_status":"closed","ping_status":"closed","template":"","meta":{"footnotes":""},"class_list":["post-31125","page","type-page","status-publish","hentry"],"yoast_head":"<!-- This site is optimized with the Yoast SEO Premium plugin v24.9 (Yoast SEO v27.0) - https:\/\/yoast.com\/product\/yoast-seo-premium-wordpress\/ -->\n<title>Magasins \u00e8ggo\u00a0dans la province de\u00a0Li\u00e8ge - Eggo<\/title>\n<meta name=\"description\" content=\"R\u00e9alisez votre projet avec \u00e8ggo \u00e0 Li\u00e8ge : cuisines, dressings et rangements sur mesure, accompagn\u00e9s par nos experts en am\u00e9nagement.\" \/>\n<meta name=\"robots\" content=\"index, follow, max-snippet:-1, max-image-preview:large, max-video-preview:-1\" \/>\n<link rel=\"canonical\" href=\"https:\/\/www.eggo.lu\/fr\/nos-showrooms\/liege\/\" \/>\n<meta property=\"og:locale\" content=\"fr_FR\" \/>\n<meta property=\"og:type\" content=\"article\" \/>\n<meta property=\"og:title\" content=\"Magasins \u00e8ggo\u00a0dans la province de\u00a0Li\u00e8ge\" \/>\n<meta property=\"og:description\" content=\"R\u00e9alisez votre projet avec \u00e8ggo \u00e0 Li\u00e8ge : cuisines, dressings et rangements sur mesure, accompagn\u00e9s par nos experts en am\u00e9nagement.\" \/>\n<meta property=\"og:url\" content=\"https:\/\/www.eggo.lu\/fr\/nos-showrooms\/liege\/\" \/>\n<meta property=\"og:site_name\" content=\"Eggo\" \/>\n<meta property=\"article:publisher\" content=\"https:\/\/www.facebook.com\/eggokitchen\" \/>\n<meta property=\"article:modified_time\" content=\"2025-07-07T09:38:46+00:00\" \/>\n<meta property=\"og:image\" content=\"https:\/\/www.eggo.be\/wp-content\/uploads\/2025\/04\/eggo-namur-magasin-cuisines-placards-dressings.png\" \/>\n<meta name=\"twitter:card\" content=\"summary_large_image\" \/>\n<meta name=\"twitter:label1\" content=\"Est. reading time\" \/>\n\t<meta name=\"twitter:data1\" content=\"2 minutes\" \/>\n<script type=\"application\/ld+json\" class=\"yoast-schema-graph\">{\"@context\":\"https:\/\/schema.org\",\"@graph\":[{\"@type\":\"WebPage\",\"@id\":\"https:\/\/www.eggo.lu\/fr\/nos-showrooms\/liege\/\",\"url\":\"https:\/\/www.eggo.lu\/fr\/nos-showrooms\/liege\/\",\"name\":\"Magasins \u00e8ggo\u00a0dans la province de\u00a0Li\u00e8ge - Eggo\",\"isPartOf\":{\"@id\":\"https:\/\/www.eggo.lu\/fr\/#website\"},\"primaryImageOfPage\":{\"@id\":\"https:\/\/www.eggo.lu\/fr\/nos-showrooms\/liege\/#primaryimage\"},\"image\":{\"@id\":\"https:\/\/www.eggo.lu\/fr\/nos-showrooms\/liege\/#primaryimage\"},\"thumbnailUrl\":\"https:\/\/www.eggo.be\/wp-content\/uploads\/2025\/04\/eggo-namur-magasin-cuisines-placards-dressings.png\",\"datePublished\":\"2025-04-18T17:09:20+00:00\",\"dateModified\":\"2025-07-07T09:38:46+00:00\",\"description\":\"R\u00e9alisez votre projet avec \u00e8ggo \u00e0 Li\u00e8ge : cuisines, dressings et rangements sur mesure, accompagn\u00e9s par nos experts en am\u00e9nagement.\",\"breadcrumb\":{\"@id\":\"https:\/\/www.eggo.lu\/fr\/nos-showrooms\/liege\/#breadcrumb\"},\"inLanguage\":\"fr-FR\",\"potentialAction\":[{\"@type\":\"ReadAction\",\"target\":[\"https:\/\/www.eggo.lu\/fr\/nos-showrooms\/liege\/\"]}]},{\"@type\":\"ImageObject\",\"inLanguage\":\"fr-FR\",\"@id\":\"https:\/\/www.eggo.lu\/fr\/nos-showrooms\/liege\/#primaryimage\",\"url\":\"https:\/\/www.eggo.be\/wp-content\/uploads\/2025\/04\/eggo-namur-magasin-cuisines-placards-dressings.png\",\"contentUrl\":\"https:\/\/www.eggo.be\/wp-content\/uploads\/2025\/04\/eggo-namur-magasin-cuisines-placards-dressings.png\"},{\"@type\":\"BreadcrumbList\",\"@id\":\"https:\/\/www.eggo.lu\/fr\/nos-showrooms\/liege\/#breadcrumb\",\"itemListElement\":[{\"@type\":\"ListItem\",\"position\":1,\"name\":\"Home\",\"item\":\"https:\/\/www.eggo.lu\/fr\/\"},{\"@type\":\"ListItem\",\"position\":2,\"name\":\"Nos showrooms\",\"item\":\"https:\/\/www.eggo.lu\/fr\/nos-showrooms\/\"},{\"@type\":\"ListItem\",\"position\":3,\"name\":\"Magasins \u00e8ggo\u00a0dans la province de\u00a0Li\u00e8ge\"}]},{\"@type\":\"WebSite\",\"@id\":\"https:\/\/www.eggo.lu\/fr\/#website\",\"url\":\"https:\/\/www.eggo.lu\/fr\/\",\"name\":\"\u00e8ggo\",\"description\":\"\",\"publisher\":{\"@id\":\"https:\/\/www.eggo.lu\/fr\/#organization\"},\"potentialAction\":[{\"@type\":\"SearchAction\",\"target\":{\"@type\":\"EntryPoint\",\"urlTemplate\":\"https:\/\/www.eggo.lu\/fr\/?s={search_term_string}\"},\"query-input\":{\"@type\":\"PropertyValueSpecification\",\"valueRequired\":true,\"valueName\":\"search_term_string\"}}],\"inLanguage\":\"fr-FR\"},{\"@type\":[\"Organization\",\"Place\"],\"@id\":\"https:\/\/www.eggo.lu\/fr\/#organization\",\"name\":\"\u00e8ggo\",\"alternateName\":\"eggo\",\"url\":\"https:\/\/www.eggo.lu\/fr\/\",\"logo\":{\"@id\":\"https:\/\/www.eggo.lu\/fr\/nos-showrooms\/liege\/#local-main-organization-logo\"},\"image\":{\"@id\":\"https:\/\/www.eggo.lu\/fr\/nos-showrooms\/liege\/#local-main-organization-logo\"},\"sameAs\":[\"https:\/\/www.facebook.com\/eggokitchen\",\"https:\/\/www.linkedin.com\/company\/eggo\/\"],\"description\":\"Des cuisines et meubles de rangement de qualit\u00e9 \u00e0 des prix avantageux ! D\u00e9couvrez nos mod\u00e8les et prenez rendez-vous en ligne dans votre showroom \u00e8ggo.\",\"telephone\":[],\"openingHoursSpecification\":[{\"@type\":\"OpeningHoursSpecification\",\"dayOfWeek\":[\"Monday\",\"Tuesday\",\"Wednesday\",\"Thursday\",\"Friday\",\"Saturday\",\"Sunday\"],\"opens\":\"09:00\",\"closes\":\"17:00\"}]},{\"@type\":\"ImageObject\",\"inLanguage\":\"fr-FR\",\"@id\":\"https:\/\/www.eggo.lu\/fr\/nos-showrooms\/liege\/#local-main-organization-logo\",\"url\":\"https:\/\/www.eggo.lu\/wp-content\/uploads\/2025\/01\/Logo.png\",\"contentUrl\":\"https:\/\/www.eggo.lu\/wp-content\/uploads\/2025\/01\/Logo.png\",\"width\":88,\"height\":88,\"caption\":\"\u00e8ggo\"}]}<\/script>\n<!-- \/ Yoast SEO Premium plugin. -->","yoast_head_json":{"title":"Magasins \u00e8ggo\u00a0dans la province de\u00a0Li\u00e8ge - Eggo","description":"R\u00e9alisez votre projet avec \u00e8ggo \u00e0 Li\u00e8ge : cuisines, dressings et rangements sur mesure, accompagn\u00e9s par nos experts en am\u00e9nagement.","robots":{"index":"index","follow":"follow","max-snippet":"max-snippet:-1","max-image-preview":"max-image-preview:large","max-video-preview":"max-video-preview:-1"},"canonical":"https:\/\/www.eggo.lu\/fr\/nos-showrooms\/liege\/","og_locale":"fr_FR","og_type":"article","og_title":"Magasins \u00e8ggo\u00a0dans la province de\u00a0Li\u00e8ge","og_description":"R\u00e9alisez votre projet avec \u00e8ggo \u00e0 Li\u00e8ge : cuisines, dressings et rangements sur mesure, accompagn\u00e9s par nos experts en am\u00e9nagement.","og_url":"https:\/\/www.eggo.lu\/fr\/nos-showrooms\/liege\/","og_site_name":"Eggo","article_publisher":"https:\/\/www.facebook.com\/eggokitchen","article_modified_time":"2025-07-07T09:38:46+00:00","og_image":[{"url":"https:\/\/www.eggo.be\/wp-content\/uploads\/2025\/04\/eggo-namur-magasin-cuisines-placards-dressings.png","type":"","width":"","height":""}],"twitter_card":"summary_large_image","twitter_misc":{"Est. reading time":"2 minutes"},"schema":{"@context":"https:\/\/schema.org","@graph":[{"@type":"WebPage","@id":"https:\/\/www.eggo.lu\/fr\/nos-showrooms\/liege\/","url":"https:\/\/www.eggo.lu\/fr\/nos-showrooms\/liege\/","name":"Magasins \u00e8ggo\u00a0dans la province de\u00a0Li\u00e8ge - Eggo","isPartOf":{"@id":"https:\/\/www.eggo.lu\/fr\/#website"},"primaryImageOfPage":{"@id":"https:\/\/www.eggo.lu\/fr\/nos-showrooms\/liege\/#primaryimage"},"image":{"@id":"https:\/\/www.eggo.lu\/fr\/nos-showrooms\/liege\/#primaryimage"},"thumbnailUrl":"https:\/\/www.eggo.be\/wp-content\/uploads\/2025\/04\/eggo-namur-magasin-cuisines-placards-dressings.png","datePublished":"2025-04-18T17:09:20+00:00","dateModified":"2025-07-07T09:38:46+00:00","description":"R\u00e9alisez votre projet avec \u00e8ggo \u00e0 Li\u00e8ge : cuisines, dressings et rangements sur mesure, accompagn\u00e9s par nos experts en am\u00e9nagement.","breadcrumb":{"@id":"https:\/\/www.eggo.lu\/fr\/nos-showrooms\/liege\/#breadcrumb"},"inLanguage":"fr-FR","potentialAction":[{"@type":"ReadAction","target":["https:\/\/www.eggo.lu\/fr\/nos-showrooms\/liege\/"]}]},{"@type":"ImageObject","inLanguage":"fr-FR","@id":"https:\/\/www.eggo.lu\/fr\/nos-showrooms\/liege\/#primaryimage","url":"https:\/\/www.eggo.be\/wp-content\/uploads\/2025\/04\/eggo-namur-magasin-cuisines-placards-dressings.png","contentUrl":"https:\/\/www.eggo.be\/wp-content\/uploads\/2025\/04\/eggo-namur-magasin-cuisines-placards-dressings.png"},{"@type":"BreadcrumbList","@id":"https:\/\/www.eggo.lu\/fr\/nos-showrooms\/liege\/#breadcrumb","itemListElement":[{"@type":"ListItem","position":1,"name":"Home","item":"https:\/\/www.eggo.lu\/fr\/"},{"@type":"ListItem","position":2,"name":"Nos showrooms","item":"https:\/\/www.eggo.lu\/fr\/nos-showrooms\/"},{"@type":"ListItem","position":3,"name":"Magasins \u00e8ggo\u00a0dans la province de\u00a0Li\u00e8ge"}]},{"@type":"WebSite","@id":"https:\/\/www.eggo.lu\/fr\/#website","url":"https:\/\/www.eggo.lu\/fr\/","name":"\u00e8ggo","description":"","publisher":{"@id":"https:\/\/www.eggo.lu\/fr\/#organization"},"potentialAction":[{"@type":"SearchAction","target":{"@type":"EntryPoint","urlTemplate":"https:\/\/www.eggo.lu\/fr\/?s={search_term_string}"},"query-input":{"@type":"PropertyValueSpecification","valueRequired":true,"valueName":"search_term_string"}}],"inLanguage":"fr-FR"},{"@type":["Organization","Place"],"@id":"https:\/\/www.eggo.lu\/fr\/#organization","name":"\u00e8ggo","alternateName":"eggo","url":"https:\/\/www.eggo.lu\/fr\/","logo":{"@id":"https:\/\/www.eggo.lu\/fr\/nos-showrooms\/liege\/#local-main-organization-logo"},"image":{"@id":"https:\/\/www.eggo.lu\/fr\/nos-showrooms\/liege\/#local-main-organization-logo"},"sameAs":["https:\/\/www.facebook.com\/eggokitchen","https:\/\/www.linkedin.com\/company\/eggo\/"],"description":"Des cuisines et meubles de rangement de qualit\u00e9 \u00e0 des prix avantageux ! D\u00e9couvrez nos mod\u00e8les et prenez rendez-vous en ligne dans votre showroom \u00e8ggo.","telephone":[],"openingHoursSpecification":[{"@type":"OpeningHoursSpecification","dayOfWeek":["Monday","Tuesday","Wednesday","Thursday","Friday","Saturday","Sunday"],"opens":"09:00","closes":"17:00"}]},{"@type":"ImageObject","inLanguage":"fr-FR","@id":"https:\/\/www.eggo.lu\/fr\/nos-showrooms\/liege\/#local-main-organization-logo","url":"https:\/\/www.eggo.lu\/wp-content\/uploads\/2025\/01\/Logo.png","contentUrl":"https:\/\/www.eggo.lu\/wp-content\/uploads\/2025\/01\/Logo.png","width":88,"height":88,"caption":"\u00e8ggo"}]}},"meta_box":{"promotion_toggle":"0","small_featured_promotion_toggle":"0","promotion_icon":[],"promotion_description":"","promotion_period":"","promotion_link":"","promotion_bg_color":"#ffffff","promotion_text_color":"#fe5000","read_more_content":"","catalog_pdf":[]},"_links":{"self":[{"href":"https:\/\/www.eggo.lu\/fr\/wp-json\/wp\/v2\/pages\/31125","targetHints":{"allow":["GET"]}}],"collection":[{"href":"https:\/\/www.eggo.lu\/fr\/wp-json\/wp\/v2\/pages"}],"about":[{"href":"https:\/\/www.eggo.lu\/fr\/wp-json\/wp\/v2\/types\/page"}],"author":[{"embeddable":true,"href":"https:\/\/www.eggo.lu\/fr\/wp-json\/wp\/v2\/users\/1"}],"replies":[{"embeddable":true,"href":"https:\/\/www.eggo.lu\/fr\/wp-json\/wp\/v2\/comments?post=31125"}],"version-history":[{"count":10,"href":"https:\/\/www.eggo.lu\/fr\/wp-json\/wp\/v2\/pages\/31125\/revisions"}],"predecessor-version":[{"id":39276,"href":"https:\/\/www.eggo.lu\/fr\/wp-json\/wp\/v2\/pages\/31125\/revisions\/39276"}],"up":[{"embeddable":true,"href":"https:\/\/www.eggo.lu\/fr\/wp-json\/wp\/v2\/pages\/6423"}],"wp:attachment":[{"href":"https:\/\/www.eggo.lu\/fr\/wp-json\/wp\/v2\/media?parent=31125"}],"curies":[{"name":"wp","href":"https:\/\/api.w.org\/{rel}","templated":true}]}}