{"id":19635,"date":"2025-04-03T16:14:21","date_gmt":"2025-04-03T16:14:21","guid":{"rendered":"https:\/\/www.eggo.be\/?page_id=19635"},"modified":"2025-10-27T08:34:36","modified_gmt":"2025-10-27T08:34:36","slug":"charte-de-qualite","status":"publish","type":"page","link":"https:\/\/www.eggo.lu\/fr\/charte-de-qualite\/","title":{"rendered":"Charte de qualit\u00e9"},"content":{"rendered":"\t\t<div data-elementor-type=\"wp-page\" data-elementor-id=\"19635\" class=\"elementor elementor-19635\" data-elementor-post-type=\"page\">\n\t\t\t\t<div class=\"elementor-element elementor-element-a407861 e-flex e-con-boxed e-con e-parent\" data-id=\"a407861\" data-element_type=\"container\" data-e-type=\"container\">\n\t\t\t\t\t<div class=\"e-con-inner\">\n\t\t\t\t<div class=\"elementor-element elementor-element-83396b6 elementor-widget__width-initial elementor-widget elementor-widget-heading\" data-id=\"83396b6\" data-element_type=\"widget\" data-e-type=\"widget\" data-widget_type=\"heading.default\">\n\t\t\t\t<div class=\"elementor-widget-container\">\n\t\t\t\t\t<h1 class=\"elementor-heading-title elementor-size-default\">La\u00a0charte qualit\u00e9\u00a0\u00e8ggo<\/h1>\t\t\t\t<\/div>\n\t\t\t\t<\/div>\n\t\t\t\t<div class=\"elementor-element elementor-element-18ecce7 elementor-widget__width-initial elementor-widget elementor-widget-text-editor\" data-id=\"18ecce7\" data-element_type=\"widget\" data-e-type=\"widget\" data-widget_type=\"text-editor.default\">\n\t\t\t\t<div class=\"elementor-widget-container\">\n\t\t\t\t\t\t\t\t\t<p>Disposition, mati\u00e8res, couleurs, \u00e9quipements, accessoires,\u2026 quand on am\u00e9nage son int\u00e9rieur, on se pose mille et une questions. Et la plus essentielle est certainement : vers qui se tourner ? Chez \u00e8ggo, nous r\u00e9pondrons \u00e0 toutes vos questions. Mais ce qui compte le plus pour nous, c\u2019est d\u2019\u00eatre votre partenaire !<\/p>\t\t\t\t\t\t\t\t<\/div>\n\t\t\t\t<\/div>\n\t\t\t\t\t<\/div>\n\t\t\t\t<\/div>\n\t\t<div class=\"elementor-element elementor-element-4330042 e-flex e-con-boxed e-con e-parent\" data-id=\"4330042\" data-element_type=\"container\" data-e-type=\"container\">\n\t\t\t\t\t<div class=\"e-con-inner\">\n\t\t<div class=\"elementor-element elementor-element-48176f4 e-con-full e-flex e-con e-child\" data-id=\"48176f4\" data-element_type=\"container\" data-e-type=\"container\">\n\t\t<div class=\"elementor-element elementor-element-f9a5cbe e-grid e-con-full e-con e-child\" data-id=\"f9a5cbe\" data-element_type=\"container\" data-e-type=\"container\">\n\t\t\t\t<div class=\"elementor-element elementor-element-c4b1a2e elementor-widget elementor-widget-icon-box\" data-id=\"c4b1a2e\" data-element_type=\"widget\" data-e-type=\"widget\" data-widget_type=\"icon-box.default\">\n\t\t\t\t<div class=\"elementor-widget-container\">\n\t\t\t\t\t\t\t<div class=\"elementor-icon-box-wrapper\">\n\n\t\t\t\n\t\t\t\t\t\t<div class=\"elementor-icon-box-content\">\n\n\t\t\t\t\t\t\t\t\t<h3 class=\"elementor-icon-box-title\">\n\t\t\t\t\t\t<span  >\n\t\t\t\t\t\t\tDes conseils avis\u00e9s \u00e0 chaque \u00e9tape\t\t\t\t\t\t<\/span>\n\t\t\t\t\t<\/h3>\n\t\t\t\t\n\t\t\t\t\t\t\t\t\t<p class=\"elementor-icon-box-description\">\n\t\t\t\t\t\tLes cuisinistes-conseils \u00e8ggo disposent d\u2019une solide exp\u00e9rience en design et am\u00e9nagement int\u00e9rieur. Ils savent \u00e9couter vos envies, comprendre vos besoins et imaginer une cuisine qui vous ressemble vraiment.\t\t\t\t\t<\/p>\n\t\t\t\t\n\t\t\t<\/div>\n\t\t\t\n\t\t<\/div>\n\t\t\t\t\t\t<\/div>\n\t\t\t\t<\/div>\n\t\t\t\t<div class=\"elementor-element elementor-element-9a69554 elementor-widget elementor-widget-icon-box\" data-id=\"9a69554\" data-element_type=\"widget\" data-e-type=\"widget\" data-widget_type=\"icon-box.default\">\n\t\t\t\t<div class=\"elementor-widget-container\">\n\t\t\t\t\t\t\t<div class=\"elementor-icon-box-wrapper\">\n\n\t\t\t\n\t\t\t\t\t\t<div class=\"elementor-icon-box-content\">\n\n\t\t\t\t\t\t\t\t\t<h3 class=\"elementor-icon-box-title\">\n\t\t\t\t\t\t<span  >\n\t\t\t\t\t\t\tUn projet qui respecte votre budget\t\t\t\t\t\t<\/span>\n\t\t\t\t\t<\/h3>\n\t\t\t\t\n\t\t\t\t\t\t\t\t\t<p class=\"elementor-icon-box-description\">\n\t\t\t\t\t\tChez \u00e8ggo, rendre le design accessible a toujours \u00e9t\u00e9 une priorit\u00e9. Une cuisine \u00e9l\u00e9gante et durable ne doit pas forc\u00e9ment co\u00fbter plus cher. Votre cuisiniste \u00e8ggo vous propose les meilleures solutions adapt\u00e9es \u00e0 vos envies, tout en respectant votre budget.\t\t\t\t\t<\/p>\n\t\t\t\t\n\t\t\t<\/div>\n\t\t\t\n\t\t<\/div>\n\t\t\t\t\t\t<\/div>\n\t\t\t\t<\/div>\n\t\t\t\t<div class=\"elementor-element elementor-element-9432f59 elementor-widget elementor-widget-icon-box\" data-id=\"9432f59\" data-element_type=\"widget\" data-e-type=\"widget\" data-widget_type=\"icon-box.default\">\n\t\t\t\t<div class=\"elementor-widget-container\">\n\t\t\t\t\t\t\t<div class=\"elementor-icon-box-wrapper\">\n\n\t\t\t\n\t\t\t\t\t\t<div class=\"elementor-icon-box-content\">\n\n\t\t\t\t\t\t\t\t\t<h3 class=\"elementor-icon-box-title\">\n\t\t\t\t\t\t<span  >\n\t\t\t\t\t\t\tUne offre claire pour un choix en toute libert\u00e9\t\t\t\t\t\t<\/span>\n\t\t\t\t\t<\/h3>\n\t\t\t\t\n\t\t\t\t\t\t\t\t\t<p class=\"elementor-icon-box-description\">\n\t\t\t\t\t\tSeulement chez \u00e8ggo, vous recevez une offre compl\u00e8te et transparente, avec tous les d\u00e9tails n\u00e9cessaires pour r\u00e9fl\u00e9chir sereinement \u00e0 votre projet. Et bien s\u00fbr, cette offre peut \u00eatre modifi\u00e9e \u00e0 tout moment, gratuitement et sans engagement.\t\t\t\t\t<\/p>\n\t\t\t\t\n\t\t\t<\/div>\n\t\t\t\n\t\t<\/div>\n\t\t\t\t\t\t<\/div>\n\t\t\t\t<\/div>\n\t\t\t\t<div class=\"elementor-element elementor-element-004f421 elementor-widget elementor-widget-icon-box\" data-id=\"004f421\" data-element_type=\"widget\" data-e-type=\"widget\" data-widget_type=\"icon-box.default\">\n\t\t\t\t<div class=\"elementor-widget-container\">\n\t\t\t\t\t\t\t<div class=\"elementor-icon-box-wrapper\">\n\n\t\t\t\n\t\t\t\t\t\t<div class=\"elementor-icon-box-content\">\n\n\t\t\t\t\t\t\t\t\t<h3 class=\"elementor-icon-box-title\">\n\t\t\t\t\t\t<span  >\n\t\t\t\t\t\t\tUne pose r\u00e9alis\u00e9e par des professionnels qualifi\u00e9s\t\t\t\t\t\t<\/span>\n\t\t\t\t\t<\/h3>\n\t\t\t\t\n\t\t\t\t\t\t\t\t\t<p class=\"elementor-icon-box-description\">\n\t\t\t\t\t\t\u00c8ggo fait appel \u00e0 des menuisiers-installateurs exp\u00e9riment\u00e9s, charg\u00e9s de poser votre cuisine et de raccorder vos \u00e9lectrom\u00e9nagers. Engag\u00e9s par notre charte de qualit\u00e9, ils mettent tout leur professionnalisme au service de votre satisfaction totale.\t\t\t\t\t<\/p>\n\t\t\t\t\n\t\t\t<\/div>\n\t\t\t\n\t\t<\/div>\n\t\t\t\t\t\t<\/div>\n\t\t\t\t<\/div>\n\t\t\t\t<div class=\"elementor-element elementor-element-91de531 elementor-widget elementor-widget-icon-box\" data-id=\"91de531\" data-element_type=\"widget\" data-e-type=\"widget\" data-widget_type=\"icon-box.default\">\n\t\t\t\t<div class=\"elementor-widget-container\">\n\t\t\t\t\t\t\t<div class=\"elementor-icon-box-wrapper\">\n\n\t\t\t\n\t\t\t\t\t\t<div class=\"elementor-icon-box-content\">\n\n\t\t\t\t\t\t\t\t\t<h3 class=\"elementor-icon-box-title\">\n\t\t\t\t\t\t<span  >\n\t\t\t\t\t\t\tUn accompagnement sur mesure, du d\u00e9but \u00e0 la fin\t\t\t\t\t\t<\/span>\n\t\t\t\t\t<\/h3>\n\t\t\t\t\n\t\t\t\t\t\t\t\t\t<p class=\"elementor-icon-box-description\">\n\t\t\t\t\t\tLe Service Client \u00e8ggo vous assigne un gestionnaire de projet d\u00e9di\u00e9, votre interlocuteur privil\u00e9gi\u00e9 tout au long du processus. Gr\u00e2ce \u00e0 lui, et \u00e0 votre espace personnel \"my \u00e8ggo\", vous restez inform\u00e9 \u00e0 chaque \u00e9tape et parfaitement accompagn\u00e9 jusqu\u2019\u00e0 la pose de votre cuisine.\t\t\t\t\t<\/p>\n\t\t\t\t\n\t\t\t<\/div>\n\t\t\t\n\t\t<\/div>\n\t\t\t\t\t\t<\/div>\n\t\t\t\t<\/div>\n\t\t\t\t<div class=\"elementor-element elementor-element-604dec1 elementor-widget elementor-widget-icon-box\" data-id=\"604dec1\" data-element_type=\"widget\" data-e-type=\"widget\" data-widget_type=\"icon-box.default\">\n\t\t\t\t<div class=\"elementor-widget-container\">\n\t\t\t\t\t\t\t<div class=\"elementor-icon-box-wrapper\">\n\n\t\t\t\n\t\t\t\t\t\t<div class=\"elementor-icon-box-content\">\n\n\t\t\t\t\t\t\t\t\t<h3 class=\"elementor-icon-box-title\">\n\t\t\t\t\t\t<span  >\n\t\t\t\t\t\t\tDes garanties solides pour votre tranquillit\u00e9\t\t\t\t\t\t<\/span>\n\t\t\t\t\t<\/h3>\n\t\t\t\t\n\t\t\t\t\t\t\t\t\t<p class=\"elementor-icon-box-description\">\n\t\t\t\t\t\tChez \u00e8ggo, les meubles, plans de travail et m\u00e9canismes de votre cuisine \u00e9quip\u00e9e sont couverts par des garanties fiables, pour que vous puissiez en profiter en toute s\u00e9r\u00e9nit\u00e9, et ce, durablement.\t\t\t\t\t<\/p>\n\t\t\t\t\n\t\t\t<\/div>\n\t\t\t\n\t\t<\/div>\n\t\t\t\t\t\t<\/div>\n\t\t\t\t<\/div>\n\t\t\t\t<div class=\"elementor-element elementor-element-693f1f2 elementor-widget elementor-widget-icon-box\" data-id=\"693f1f2\" data-element_type=\"widget\" data-e-type=\"widget\" data-widget_type=\"icon-box.default\">\n\t\t\t\t<div class=\"elementor-widget-container\">\n\t\t\t\t\t\t\t<div class=\"elementor-icon-box-wrapper\">\n\n\t\t\t\n\t\t\t\t\t\t<div class=\"elementor-icon-box-content\">\n\n\t\t\t\t\t\t\t\t\t<h3 class=\"elementor-icon-box-title\">\n\t\t\t\t\t\t<span  >\n\t\t\t\t\t\t\tFaire confiance \u00e0 une entreprise locale\t\t\t\t\t\t<\/span>\n\t\t\t\t\t<\/h3>\n\t\t\t\t\n\t\t\t\t\t\t\t\t\t<p class=\"elementor-icon-box-description\">\n\t\t\t\t\t\tEntreprise familiale belge, \u00e8ggo emploie des centaines de collaborateurs dans ses magasins, ainsi que dans ses \u00e9quipes logistiques et administratives. Ensemble, nous partageons une m\u00eame passion : cr\u00e9er des cuisines uniques, pens\u00e9es pour chaque client, avec plaisir et engagement.\t\t\t\t\t<\/p>\n\t\t\t\t\n\t\t\t<\/div>\n\t\t\t\n\t\t<\/div>\n\t\t\t\t\t\t<\/div>\n\t\t\t\t<\/div>\n\t\t\t\t<div class=\"elementor-element elementor-element-7f4b638 elementor-widget elementor-widget-icon-box\" data-id=\"7f4b638\" data-element_type=\"widget\" data-e-type=\"widget\" data-widget_type=\"icon-box.default\">\n\t\t\t\t<div class=\"elementor-widget-container\">\n\t\t\t\t\t\t\t<div class=\"elementor-icon-box-wrapper\">\n\n\t\t\t\n\t\t\t\t\t\t<div class=\"elementor-icon-box-content\">\n\n\t\t\t\t\t\t\t\t\t<h3 class=\"elementor-icon-box-title\">\n\t\t\t\t\t\t<span  >\n\t\t\t\t\t\t\t10 ans\u00a0de garantie\t\t\t\t\t\t<\/span>\n\t\t\t\t\t<\/h3>\n\t\t\t\t\n\t\t\t\t\t\t\t\t\t<p class=\"elementor-icon-box-description\">\n\t\t\t\t\t\tNous garantissons notre travail et nos mat\u00e9riaux ! Votre cuisine ou votre placard \u00e8ggo, leurs diff\u00e9rents \u00e9l\u00e9ments et accessoires b\u00e9n\u00e9ficient de garanties larges et compl\u00e8tes. Ce qui nous permet de vous offrir une garantie de 10 ans sur votre cuisine pour toute d\u00e9fectuosit\u00e9 d\u00e9cel\u00e9e sur les meubles, plan de travail et m\u00e9canisme.\t\t\t\t\t<\/p>\n\t\t\t\t\n\t\t\t<\/div>\n\t\t\t\n\t\t<\/div>\n\t\t\t\t\t\t<\/div>\n\t\t\t\t<\/div>\n\t\t\t\t<div class=\"elementor-element elementor-element-9efee4a elementor-widget elementor-widget-icon-box\" data-id=\"9efee4a\" data-element_type=\"widget\" data-e-type=\"widget\" data-widget_type=\"icon-box.default\">\n\t\t\t\t<div class=\"elementor-widget-container\">\n\t\t\t\t\t\t\t<div class=\"elementor-icon-box-wrapper\">\n\n\t\t\t\n\t\t\t\t\t\t<div class=\"elementor-icon-box-content\">\n\n\t\t\t\t\t\t\t\t\t<h3 class=\"elementor-icon-box-title\">\n\t\t\t\t\t\t<span  >\n\t\t\t\t\t\t\tDes meubles de\u00a0qualit\u00e9\t\t\t\t\t\t<\/span>\n\t\t\t\t\t<\/h3>\n\t\t\t\t\n\t\t\t\t\t\t\t\t\t<p class=\"elementor-icon-box-description\">\n\t\t\t\t\t\tCette promesse n\u2019est pas vaine. Elle s\u2019appuie sur des mat\u00e9riaux de qualit\u00e9 sup\u00e9rieure, des technologies de fabrication les plus modernes et un engagement quotidien de toutes nos \u00e9quipes. Nos meubles sont assortis des labels les plus exigeants en mati\u00e8re de qualit\u00e9 et de s\u00e9curit\u00e9.\t\t\t\t\t<\/p>\n\t\t\t\t\n\t\t\t<\/div>\n\t\t\t\n\t\t<\/div>\n\t\t\t\t\t\t<\/div>\n\t\t\t\t<\/div>\n\t\t\t\t<\/div>\n\t\t\t\t<\/div>\n\t\t<div class=\"elementor-element elementor-element-d627708 e-con-full e-flex e-con e-child\" data-id=\"d627708\" data-element_type=\"container\" data-e-type=\"container\" data-settings=\"{&quot;background_background&quot;:&quot;classic&quot;}\">\n\t\t\t\t<div class=\"elementor-element elementor-element-4bb9793 elementor-widget__width-initial elementor-widget-tablet__width-inherit elementor-widget elementor-widget-heading\" data-id=\"4bb9793\" data-element_type=\"widget\" data-e-type=\"widget\" data-widget_type=\"heading.default\">\n\t\t\t\t<div class=\"elementor-widget-container\">\n\t\t\t\t\t<h2 class=\"elementor-heading-title elementor-size-default\">Pourquoi\u00a0choisir\u00a0\n\u00e8ggo ?<\/h2>\t\t\t\t<\/div>\n\t\t\t\t<\/div>\n\t\t\t\t<\/div>\n\t\t\t\t\t<\/div>\n\t\t\t\t<\/div>\n\t\t<div class=\"elementor-element elementor-element-e08949c e-flex e-con-boxed e-con e-parent\" data-id=\"e08949c\" data-element_type=\"container\" data-e-type=\"container\">\n\t\t\t\t\t<div class=\"e-con-inner\">\n\t\t\t\t<div class=\"elementor-element elementor-element-0626862 elementor-widget elementor-widget-testimonial_Section\" data-id=\"0626862\" data-element_type=\"widget\" data-e-type=\"widget\" data-widget_type=\"testimonial_Section.default\">\n\t\t\t\t<div class=\"elementor-widget-container\">\n\t\t\t\t\t        <div class=\"custom-testimonials-container elementor-testimonials-0626862\" data-testimonial-ids=\"16019,16008,15943,15997\">\n            \n            \n            <!-- Testimonials Posts Wrapper -->\n            <div class=\"posts-con\">\n                <div id=\"testimonials-posts\" class=\"testimonials-posts\"><\/div>\n                <div id=\"modal-loader\"><\/div>\n            <\/div>\n\n            <div class=\"no-posts\" style=\"width: 100%; display: none;\">No testimonials found.<\/div>\n            \n            <!-- Load More Button -->\n            <div class=\"load-more-wrapper\">\n                <button id=\"load-more-btn\" style=\"display: block;\">Plus de t\u00e9moignages<\/button>\n            <\/div>\n        <\/div>\n        \t\t\t\t<\/div>\n\t\t\t\t<\/div>\n\t\t\t\t\t<\/div>\n\t\t\t\t<\/div>\n\t\t<div class=\"elementor-element elementor-element-4ace829 e-flex e-con-boxed e-con e-parent\" data-id=\"4ace829\" data-element_type=\"container\" data-e-type=\"container\">\n\t\t\t\t\t<div class=\"e-con-inner\">\n\t\t\t\t<div class=\"elementor-element elementor-element-f7e453d elementor-widget__width-initial elementor-widget-tablet__width-inherit elementor-widget elementor-widget-heading\" data-id=\"f7e453d\" data-element_type=\"widget\" data-e-type=\"widget\" data-widget_type=\"heading.default\">\n\t\t\t\t<div class=\"elementor-widget-container\">\n\t\t\t\t\t<h2 class=\"elementor-heading-title elementor-size-default\">Envie de\u00a0r\u00e9aliser votre projet\u00a0avec \u00e8ggo ?<\/h2>\t\t\t\t<\/div>\n\t\t\t\t<\/div>\n\t\t<div class=\"elementor-element elementor-element-651d698 e-con-full e-flex e-con e-child\" data-id=\"651d698\" data-element_type=\"container\" data-e-type=\"container\">\n\t\t\t\t<div class=\"elementor-element elementor-element-0cb6e53 elementor-align-justify elementor-widget__width-initial elementor-widget-mobile__width-inherit elementor-widget elementor-widget-button\" data-id=\"0cb6e53\" data-element_type=\"widget\" data-e-type=\"widget\" data-widget_type=\"button.default\">\n\t\t\t\t<div class=\"elementor-widget-container\">\n\t\t\t\t\t\t\t\t\t<div class=\"elementor-button-wrapper\">\n\t\t\t\t\t<a class=\"elementor-button elementor-button-link elementor-size-sm\" href=\"https:\/\/www.eggo.be\/fr\/accompagnement\" target=\"_blank\">\n\t\t\t\t\t\t<span class=\"elementor-button-content-wrapper\">\n\t\t\t\t\t\t\t\t\t<span class=\"elementor-button-text\">D\u00e9couvrez notre savoir-faire<\/span>\n\t\t\t\t\t<\/span>\n\t\t\t\t\t<\/a>\n\t\t\t\t<\/div>\n\t\t\t\t\t\t\t\t<\/div>\n\t\t\t\t<\/div>\n\t\t\t\t<\/div>\n\t\t\t\t\t<\/div>\n\t\t\t\t<\/div>\n\t\t\t\t<\/div>\n\t\t","protected":false},"excerpt":{"rendered":"<p>La\u00a0charte qualit\u00e9\u00a0\u00e8ggo Disposition, mati\u00e8res, couleurs, \u00e9quipements, accessoires,\u2026 quand on am\u00e9nage son int\u00e9rieur, on se pose mille et une questions. Et la plus essentielle est certainement : vers qui se tourner ? Chez \u00e8ggo, nous r\u00e9pondrons \u00e0 toutes vos questions. Mais ce qui compte le plus pour nous, c\u2019est d\u2019\u00eatre votre partenaire ! Des conseils avis\u00e9s [&hellip;]<\/p>\n","protected":false},"author":1,"featured_media":0,"parent":0,"menu_order":0,"comment_status":"closed","ping_status":"closed","template":"","meta":{"footnotes":""},"class_list":["post-19635","page","type-page","status-publish","hentry"],"yoast_head":"<!-- This site is optimized with the Yoast SEO Premium plugin v24.9 (Yoast SEO v27.0) - https:\/\/yoast.com\/product\/yoast-seo-premium-wordpress\/ -->\n<title>Charte qualit\u00e9 \u00e8ggo : nos engagements pour votre satisfaction<\/title>\n<meta name=\"description\" content=\"D\u00e9couvrez la charte qualit\u00e9 \u00e8ggo : expertise, proximit\u00e9, fiabilit\u00e9 pour un projet cuisine en toute confiance.\" \/>\n<meta name=\"robots\" content=\"index, follow, max-snippet:-1, max-image-preview:large, max-video-preview:-1\" \/>\n<link rel=\"canonical\" href=\"https:\/\/www.eggo.lu\/fr\/charte-de-qualite\/\" \/>\n<meta property=\"og:locale\" content=\"fr_FR\" \/>\n<meta property=\"og:type\" content=\"article\" \/>\n<meta property=\"og:title\" content=\"Charte de qualit\u00e9\" \/>\n<meta property=\"og:description\" content=\"D\u00e9couvrez la charte qualit\u00e9 \u00e8ggo : expertise, proximit\u00e9, fiabilit\u00e9 pour un projet cuisine en toute confiance.\" \/>\n<meta property=\"og:url\" content=\"https:\/\/www.eggo.lu\/fr\/charte-de-qualite\/\" \/>\n<meta property=\"og:site_name\" content=\"Eggo\" \/>\n<meta property=\"article:publisher\" content=\"https:\/\/www.facebook.com\/eggokitchen\" \/>\n<meta property=\"article:modified_time\" content=\"2025-10-27T08:34:36+00:00\" \/>\n<meta name=\"twitter:card\" content=\"summary_large_image\" \/>\n<meta name=\"twitter:label1\" content=\"Est. reading time\" \/>\n\t<meta name=\"twitter:data1\" content=\"3 minutes\" \/>\n<script type=\"application\/ld+json\" class=\"yoast-schema-graph\">{\"@context\":\"https:\/\/schema.org\",\"@graph\":[{\"@type\":\"WebPage\",\"@id\":\"https:\/\/www.eggo.lu\/fr\/charte-de-qualite\/\",\"url\":\"https:\/\/www.eggo.lu\/fr\/charte-de-qualite\/\",\"name\":\"Charte qualit\u00e9 \u00e8ggo : nos engagements pour votre satisfaction\",\"isPartOf\":{\"@id\":\"https:\/\/www.eggo.lu\/fr\/#website\"},\"datePublished\":\"2025-04-03T16:14:21+00:00\",\"dateModified\":\"2025-10-27T08:34:36+00:00\",\"description\":\"D\u00e9couvrez la charte qualit\u00e9 \u00e8ggo : expertise, proximit\u00e9, fiabilit\u00e9 pour un projet cuisine en toute confiance.\",\"breadcrumb\":{\"@id\":\"https:\/\/www.eggo.lu\/fr\/charte-de-qualite\/#breadcrumb\"},\"inLanguage\":\"fr-FR\",\"potentialAction\":[{\"@type\":\"ReadAction\",\"target\":[\"https:\/\/www.eggo.lu\/fr\/charte-de-qualite\/\"]}]},{\"@type\":\"BreadcrumbList\",\"@id\":\"https:\/\/www.eggo.lu\/fr\/charte-de-qualite\/#breadcrumb\",\"itemListElement\":[{\"@type\":\"ListItem\",\"position\":1,\"name\":\"Home\",\"item\":\"https:\/\/www.eggo.lu\/fr\/\"},{\"@type\":\"ListItem\",\"position\":2,\"name\":\"Charte de qualit\u00e9\"}]},{\"@type\":\"WebSite\",\"@id\":\"https:\/\/www.eggo.lu\/fr\/#website\",\"url\":\"https:\/\/www.eggo.lu\/fr\/\",\"name\":\"\u00e8ggo\",\"description\":\"\",\"publisher\":{\"@id\":\"https:\/\/www.eggo.lu\/fr\/#organization\"},\"potentialAction\":[{\"@type\":\"SearchAction\",\"target\":{\"@type\":\"EntryPoint\",\"urlTemplate\":\"https:\/\/www.eggo.lu\/fr\/?s={search_term_string}\"},\"query-input\":{\"@type\":\"PropertyValueSpecification\",\"valueRequired\":true,\"valueName\":\"search_term_string\"}}],\"inLanguage\":\"fr-FR\"},{\"@type\":[\"Organization\",\"Place\"],\"@id\":\"https:\/\/www.eggo.lu\/fr\/#organization\",\"name\":\"\u00e8ggo\",\"alternateName\":\"eggo\",\"url\":\"https:\/\/www.eggo.lu\/fr\/\",\"logo\":{\"@id\":\"https:\/\/www.eggo.lu\/fr\/charte-de-qualite\/#local-main-organization-logo\"},\"image\":{\"@id\":\"https:\/\/www.eggo.lu\/fr\/charte-de-qualite\/#local-main-organization-logo\"},\"sameAs\":[\"https:\/\/www.facebook.com\/eggokitchen\",\"https:\/\/www.linkedin.com\/company\/eggo\/\"],\"description\":\"Des cuisines et meubles de rangement de qualit\u00e9 \u00e0 des prix avantageux ! D\u00e9couvrez nos mod\u00e8les et prenez rendez-vous en ligne dans votre showroom \u00e8ggo.\",\"telephone\":[],\"openingHoursSpecification\":[{\"@type\":\"OpeningHoursSpecification\",\"dayOfWeek\":[\"Monday\",\"Tuesday\",\"Wednesday\",\"Thursday\",\"Friday\",\"Saturday\",\"Sunday\"],\"opens\":\"09:00\",\"closes\":\"17:00\"}]},{\"@type\":\"ImageObject\",\"inLanguage\":\"fr-FR\",\"@id\":\"https:\/\/www.eggo.lu\/fr\/charte-de-qualite\/#local-main-organization-logo\",\"url\":\"https:\/\/www.eggo.lu\/wp-content\/uploads\/2025\/01\/Logo.png\",\"contentUrl\":\"https:\/\/www.eggo.lu\/wp-content\/uploads\/2025\/01\/Logo.png\",\"width\":88,\"height\":88,\"caption\":\"\u00e8ggo\"}]}<\/script>\n<!-- \/ Yoast SEO Premium plugin. -->","yoast_head_json":{"title":"Charte qualit\u00e9 \u00e8ggo : nos engagements pour votre satisfaction","description":"D\u00e9couvrez la charte qualit\u00e9 \u00e8ggo : expertise, proximit\u00e9, fiabilit\u00e9 pour un projet cuisine en toute confiance.","robots":{"index":"index","follow":"follow","max-snippet":"max-snippet:-1","max-image-preview":"max-image-preview:large","max-video-preview":"max-video-preview:-1"},"canonical":"https:\/\/www.eggo.lu\/fr\/charte-de-qualite\/","og_locale":"fr_FR","og_type":"article","og_title":"Charte de qualit\u00e9","og_description":"D\u00e9couvrez la charte qualit\u00e9 \u00e8ggo : expertise, proximit\u00e9, fiabilit\u00e9 pour un projet cuisine en toute confiance.","og_url":"https:\/\/www.eggo.lu\/fr\/charte-de-qualite\/","og_site_name":"Eggo","article_publisher":"https:\/\/www.facebook.com\/eggokitchen","article_modified_time":"2025-10-27T08:34:36+00:00","twitter_card":"summary_large_image","twitter_misc":{"Est. reading time":"3 minutes"},"schema":{"@context":"https:\/\/schema.org","@graph":[{"@type":"WebPage","@id":"https:\/\/www.eggo.lu\/fr\/charte-de-qualite\/","url":"https:\/\/www.eggo.lu\/fr\/charte-de-qualite\/","name":"Charte qualit\u00e9 \u00e8ggo : nos engagements pour votre satisfaction","isPartOf":{"@id":"https:\/\/www.eggo.lu\/fr\/#website"},"datePublished":"2025-04-03T16:14:21+00:00","dateModified":"2025-10-27T08:34:36+00:00","description":"D\u00e9couvrez la charte qualit\u00e9 \u00e8ggo : expertise, proximit\u00e9, fiabilit\u00e9 pour un projet cuisine en toute confiance.","breadcrumb":{"@id":"https:\/\/www.eggo.lu\/fr\/charte-de-qualite\/#breadcrumb"},"inLanguage":"fr-FR","potentialAction":[{"@type":"ReadAction","target":["https:\/\/www.eggo.lu\/fr\/charte-de-qualite\/"]}]},{"@type":"BreadcrumbList","@id":"https:\/\/www.eggo.lu\/fr\/charte-de-qualite\/#breadcrumb","itemListElement":[{"@type":"ListItem","position":1,"name":"Home","item":"https:\/\/www.eggo.lu\/fr\/"},{"@type":"ListItem","position":2,"name":"Charte de qualit\u00e9"}]},{"@type":"WebSite","@id":"https:\/\/www.eggo.lu\/fr\/#website","url":"https:\/\/www.eggo.lu\/fr\/","name":"\u00e8ggo","description":"","publisher":{"@id":"https:\/\/www.eggo.lu\/fr\/#organization"},"potentialAction":[{"@type":"SearchAction","target":{"@type":"EntryPoint","urlTemplate":"https:\/\/www.eggo.lu\/fr\/?s={search_term_string}"},"query-input":{"@type":"PropertyValueSpecification","valueRequired":true,"valueName":"search_term_string"}}],"inLanguage":"fr-FR"},{"@type":["Organization","Place"],"@id":"https:\/\/www.eggo.lu\/fr\/#organization","name":"\u00e8ggo","alternateName":"eggo","url":"https:\/\/www.eggo.lu\/fr\/","logo":{"@id":"https:\/\/www.eggo.lu\/fr\/charte-de-qualite\/#local-main-organization-logo"},"image":{"@id":"https:\/\/www.eggo.lu\/fr\/charte-de-qualite\/#local-main-organization-logo"},"sameAs":["https:\/\/www.facebook.com\/eggokitchen","https:\/\/www.linkedin.com\/company\/eggo\/"],"description":"Des cuisines et meubles de rangement de qualit\u00e9 \u00e0 des prix avantageux ! D\u00e9couvrez nos mod\u00e8les et prenez rendez-vous en ligne dans votre showroom \u00e8ggo.","telephone":[],"openingHoursSpecification":[{"@type":"OpeningHoursSpecification","dayOfWeek":["Monday","Tuesday","Wednesday","Thursday","Friday","Saturday","Sunday"],"opens":"09:00","closes":"17:00"}]},{"@type":"ImageObject","inLanguage":"fr-FR","@id":"https:\/\/www.eggo.lu\/fr\/charte-de-qualite\/#local-main-organization-logo","url":"https:\/\/www.eggo.lu\/wp-content\/uploads\/2025\/01\/Logo.png","contentUrl":"https:\/\/www.eggo.lu\/wp-content\/uploads\/2025\/01\/Logo.png","width":88,"height":88,"caption":"\u00e8ggo"}]}},"meta_box":{"promotion_toggle":"0","small_featured_promotion_toggle":"0","promotion_icon":[],"promotion_description":"","promotion_period":"","promotion_link":"","promotion_bg_color":"#ffffff","promotion_text_color":"#fe5000","read_more_content":"","catalog_pdf":[]},"_links":{"self":[{"href":"https:\/\/www.eggo.lu\/fr\/wp-json\/wp\/v2\/pages\/19635","targetHints":{"allow":["GET"]}}],"collection":[{"href":"https:\/\/www.eggo.lu\/fr\/wp-json\/wp\/v2\/pages"}],"about":[{"href":"https:\/\/www.eggo.lu\/fr\/wp-json\/wp\/v2\/types\/page"}],"author":[{"embeddable":true,"href":"https:\/\/www.eggo.lu\/fr\/wp-json\/wp\/v2\/users\/1"}],"replies":[{"embeddable":true,"href":"https:\/\/www.eggo.lu\/fr\/wp-json\/wp\/v2\/comments?post=19635"}],"version-history":[{"count":49,"href":"https:\/\/www.eggo.lu\/fr\/wp-json\/wp\/v2\/pages\/19635\/revisions"}],"predecessor-version":[{"id":39716,"href":"https:\/\/www.eggo.lu\/fr\/wp-json\/wp\/v2\/pages\/19635\/revisions\/39716"}],"wp:attachment":[{"href":"https:\/\/www.eggo.lu\/fr\/wp-json\/wp\/v2\/media?parent=19635"}],"curies":[{"name":"wp","href":"https:\/\/api.w.org\/{rel}","templated":true}]}}