{"id":15333,"date":"2025-03-30T19:10:38","date_gmt":"2025-03-30T19:10:38","guid":{"rendered":"https:\/\/www.eggo.be\/?page_id=15333"},"modified":"2025-10-27T10:02:47","modified_gmt":"2025-10-27T10:02:47","slug":"mentions-legales","status":"publish","type":"page","link":"https:\/\/www.eggo.lu\/fr\/mentions-legales\/","title":{"rendered":"Mentions l\u00e9gales"},"content":{"rendered":"\t\t<div data-elementor-type=\"wp-page\" data-elementor-id=\"15333\" class=\"elementor elementor-15333\" data-elementor-post-type=\"page\">\n\t\t\t\t<div class=\"elementor-element elementor-element-4076e01 e-flex e-con-boxed e-con e-parent\" data-id=\"4076e01\" data-element_type=\"container\" data-e-type=\"container\">\n\t\t\t\t\t<div class=\"e-con-inner\">\n\t\t\t\t<div class=\"elementor-element elementor-element-17f21fc elementor-widget elementor-widget-heading\" data-id=\"17f21fc\" data-element_type=\"widget\" data-e-type=\"widget\" data-widget_type=\"heading.default\">\n\t\t\t\t<div class=\"elementor-widget-container\">\n\t\t\t\t\t<h1 class=\"elementor-heading-title elementor-size-default\">Mentions L\u00e9gales<\/h1>\t\t\t\t<\/div>\n\t\t\t\t<\/div>\n\t\t\t\t\t<\/div>\n\t\t\t\t<\/div>\n\t\t<div class=\"elementor-element elementor-element-b9045d1 cgv e-flex e-con-boxed e-con e-parent\" data-id=\"b9045d1\" data-element_type=\"container\" data-e-type=\"container\">\n\t\t\t\t\t<div class=\"e-con-inner\">\n\t\t<div class=\"elementor-element elementor-element-db20828 e-con-full e-flex e-con e-child\" data-id=\"db20828\" data-element_type=\"container\" data-e-type=\"container\">\n\t\t\t\t<div class=\"elementor-element elementor-element-66429c0 elementor-widget elementor-widget-text-editor\" data-id=\"66429c0\" data-element_type=\"widget\" data-e-type=\"widget\" data-widget_type=\"text-editor.default\">\n\t\t\t\t<div class=\"elementor-widget-container\">\n\t\t\t\t\t\t\t\t\t<p>Eggo et son logo sont des noms et marques d\u00e9pos\u00e9s de Eggo Stores Luxembourg S.A. et sont prot\u00e9g\u00e9s par des lois nationales et internationales.<\/p><p>\u00a0<\/p><p>Les textes et illustrations figurant sur le site www.eggo.lu sont prot\u00e9g\u00e9s par des droits d\u2019auteurs et principes du droit de propri\u00e9t\u00e9 intellectuelle. Ils ne peuvent \u00eatre copi\u00e9s, modifi\u00e9s ou publi\u00e9s sous une quelconque forme sans l\u2019autorisation expresse de Eggo Stores Luxembourg S.A..<\/p><p>\u00a0<\/p><p>Eggo Stores Luxembourg S.A. apporte un grand soin \u00e0 l\u2019exactitude et l\u2019exhaustivit\u00e9 des textes et illustrations pr\u00e9sents sur le site www.eggo.lu, mais ne peut \u00eatre tenu responsable de toute omission ou erreur dans ces informations. Eggo Stores Luxembourg S.A ne peut en aucun cas \u00eatre tenu responsable des dommages \u00e9ventuels li\u00e9s \u00e0 l\u2019acc\u00e8s, la consultation ou l\u2019usage des informations pr\u00e9sentes sur www.eggo.lu ou de leur indisponibilit\u00e9.<\/p><p>\u00a0<\/p><p>Les prix indiqu\u00e9s sur www.eggo.lu ont une valeur indicative et ne comportent aucun engagement de la part de Eggo Stores Luxembourg S.A Les textes et illustrations d\u00e9crivant un produit ne sont pas contractuels.<\/p>\t\t\t\t\t\t\t\t<\/div>\n\t\t\t\t<\/div>\n\t\t\t\t<div class=\"elementor-element elementor-element-8fc3f47 elementor-widget elementor-widget-heading\" data-id=\"8fc3f47\" data-element_type=\"widget\" data-e-type=\"widget\" data-widget_type=\"heading.default\">\n\t\t\t\t<div class=\"elementor-widget-container\">\n\t\t\t\t\t<h2 class=\"elementor-heading-title elementor-size-default\">Informations g\u00e9n\u00e9rales:<\/h2>\t\t\t\t<\/div>\n\t\t\t\t<\/div>\n\t\t\t\t<div class=\"elementor-element elementor-element-f40af52 elementor-widget elementor-widget-text-editor\" data-id=\"f40af52\" data-element_type=\"widget\" data-e-type=\"widget\" data-widget_type=\"text-editor.default\">\n\t\t\t\t<div class=\"elementor-widget-container\">\n\t\t\t\t\t\t\t\t\t<h4><strong>Soci\u00e9t\u00e9 :<\/strong><\/h4><p>Eggo Stores Luxembourg S.A.<\/p><p>\u00a0<\/p><h4><strong>Adresse postale :<\/strong><\/h4><p>12, rue du Brill L- 3898 Foetz<\/p><p>\u00a0<\/p><h4>T\u00e9l\u00e9phone :<\/h4><p>+352 24 51 48 41<\/p><p>\u00a0<\/p><h4>Email :<\/h4><p>contact@eggo.lu<\/p><p>\u00a0<\/p><h4>Id. TVA LU :<\/h4><p>LU 27113743<br \/>R.C. B 189682<\/p>\t\t\t\t\t\t\t\t<\/div>\n\t\t\t\t<\/div>\n\t\t\t\t<\/div>\n\t\t\t\t\t<\/div>\n\t\t\t\t<\/div>\n\t\t\t\t<\/div>\n\t\t","protected":false},"excerpt":{"rendered":"<p>Mentions L\u00e9gales Eggo et son logo sont des noms et marques d\u00e9pos\u00e9s de Eggo Stores Luxembourg S.A. et sont prot\u00e9g\u00e9s par des lois nationales et internationales. \u00a0 Les textes et illustrations figurant sur le site www.eggo.lu sont prot\u00e9g\u00e9s par des droits d\u2019auteurs et principes du droit de propri\u00e9t\u00e9 intellectuelle. Ils ne peuvent \u00eatre copi\u00e9s, modifi\u00e9s [&hellip;]<\/p>\n","protected":false},"author":1,"featured_media":0,"parent":0,"menu_order":0,"comment_status":"closed","ping_status":"closed","template":"","meta":{"footnotes":""},"class_list":["post-15333","page","type-page","status-publish","hentry"],"yoast_head":"<!-- This site is optimized with the Yoast SEO Premium plugin v24.9 (Yoast SEO v27.0) - https:\/\/yoast.com\/product\/yoast-seo-premium-wordpress\/ -->\n<title>Mentions l\u00e9gales \u00e8ggo : informations et cadre juridique<\/title>\n<meta name=\"description\" content=\"Toutes les informations l\u00e9gales d\u2019\u00e8ggo en un seul endroit : cadre juridique, coordonn\u00e9es de contact et obligations l\u00e9gales.\" \/>\n<meta name=\"robots\" content=\"index, follow, max-snippet:-1, max-image-preview:large, max-video-preview:-1\" \/>\n<link rel=\"canonical\" href=\"https:\/\/www.eggo.lu\/fr\/mentions-legales\/\" \/>\n<meta property=\"og:locale\" content=\"fr_FR\" \/>\n<meta property=\"og:type\" content=\"article\" \/>\n<meta property=\"og:title\" content=\"Mentions l\u00e9gales\" \/>\n<meta property=\"og:description\" content=\"Toutes les informations l\u00e9gales d\u2019\u00e8ggo en un seul endroit : cadre juridique, coordonn\u00e9es de contact et obligations l\u00e9gales.\" \/>\n<meta property=\"og:url\" content=\"https:\/\/www.eggo.lu\/fr\/mentions-legales\/\" \/>\n<meta property=\"og:site_name\" content=\"Eggo\" \/>\n<meta property=\"article:publisher\" content=\"https:\/\/www.facebook.com\/eggokitchen\" \/>\n<meta property=\"article:modified_time\" content=\"2025-10-27T10:02:47+00:00\" \/>\n<meta name=\"twitter:card\" content=\"summary_large_image\" \/>\n<meta name=\"twitter:label1\" content=\"Est. reading time\" \/>\n\t<meta name=\"twitter:data1\" content=\"2 minutes\" \/>\n<script type=\"application\/ld+json\" class=\"yoast-schema-graph\">{\"@context\":\"https:\/\/schema.org\",\"@graph\":[{\"@type\":\"WebPage\",\"@id\":\"https:\/\/www.eggo.lu\/fr\/mentions-legales\/\",\"url\":\"https:\/\/www.eggo.lu\/fr\/mentions-legales\/\",\"name\":\"Mentions l\u00e9gales \u00e8ggo : informations et cadre juridique\",\"isPartOf\":{\"@id\":\"https:\/\/www.eggo.lu\/fr\/#website\"},\"datePublished\":\"2025-03-30T19:10:38+00:00\",\"dateModified\":\"2025-10-27T10:02:47+00:00\",\"description\":\"Toutes les informations l\u00e9gales d\u2019\u00e8ggo en un seul endroit : cadre juridique, coordonn\u00e9es de contact et obligations l\u00e9gales.\",\"breadcrumb\":{\"@id\":\"https:\/\/www.eggo.lu\/fr\/mentions-legales\/#breadcrumb\"},\"inLanguage\":\"fr-FR\",\"potentialAction\":[{\"@type\":\"ReadAction\",\"target\":[\"https:\/\/www.eggo.lu\/fr\/mentions-legales\/\"]}]},{\"@type\":\"BreadcrumbList\",\"@id\":\"https:\/\/www.eggo.lu\/fr\/mentions-legales\/#breadcrumb\",\"itemListElement\":[{\"@type\":\"ListItem\",\"position\":1,\"name\":\"Home\",\"item\":\"https:\/\/www.eggo.lu\/fr\/\"},{\"@type\":\"ListItem\",\"position\":2,\"name\":\"Mentions l\u00e9gales\"}]},{\"@type\":\"WebSite\",\"@id\":\"https:\/\/www.eggo.lu\/fr\/#website\",\"url\":\"https:\/\/www.eggo.lu\/fr\/\",\"name\":\"\u00e8ggo\",\"description\":\"\",\"publisher\":{\"@id\":\"https:\/\/www.eggo.lu\/fr\/#organization\"},\"potentialAction\":[{\"@type\":\"SearchAction\",\"target\":{\"@type\":\"EntryPoint\",\"urlTemplate\":\"https:\/\/www.eggo.lu\/fr\/?s={search_term_string}\"},\"query-input\":{\"@type\":\"PropertyValueSpecification\",\"valueRequired\":true,\"valueName\":\"search_term_string\"}}],\"inLanguage\":\"fr-FR\"},{\"@type\":[\"Organization\",\"Place\"],\"@id\":\"https:\/\/www.eggo.lu\/fr\/#organization\",\"name\":\"\u00e8ggo\",\"alternateName\":\"eggo\",\"url\":\"https:\/\/www.eggo.lu\/fr\/\",\"logo\":{\"@id\":\"https:\/\/www.eggo.lu\/fr\/mentions-legales\/#local-main-organization-logo\"},\"image\":{\"@id\":\"https:\/\/www.eggo.lu\/fr\/mentions-legales\/#local-main-organization-logo\"},\"sameAs\":[\"https:\/\/www.facebook.com\/eggokitchen\",\"https:\/\/www.linkedin.com\/company\/eggo\/\"],\"description\":\"Des cuisines et meubles de rangement de qualit\u00e9 \u00e0 des prix avantageux ! D\u00e9couvrez nos mod\u00e8les et prenez rendez-vous en ligne dans votre showroom \u00e8ggo.\",\"telephone\":[],\"openingHoursSpecification\":[{\"@type\":\"OpeningHoursSpecification\",\"dayOfWeek\":[\"Monday\",\"Tuesday\",\"Wednesday\",\"Thursday\",\"Friday\",\"Saturday\",\"Sunday\"],\"opens\":\"09:00\",\"closes\":\"17:00\"}]},{\"@type\":\"ImageObject\",\"inLanguage\":\"fr-FR\",\"@id\":\"https:\/\/www.eggo.lu\/fr\/mentions-legales\/#local-main-organization-logo\",\"url\":\"https:\/\/www.eggo.lu\/wp-content\/uploads\/2025\/01\/Logo.png\",\"contentUrl\":\"https:\/\/www.eggo.lu\/wp-content\/uploads\/2025\/01\/Logo.png\",\"width\":88,\"height\":88,\"caption\":\"\u00e8ggo\"}]}<\/script>\n<!-- \/ Yoast SEO Premium plugin. -->","yoast_head_json":{"title":"Mentions l\u00e9gales \u00e8ggo : informations et cadre juridique","description":"Toutes les informations l\u00e9gales d\u2019\u00e8ggo en un seul endroit : cadre juridique, coordonn\u00e9es de contact et obligations l\u00e9gales.","robots":{"index":"index","follow":"follow","max-snippet":"max-snippet:-1","max-image-preview":"max-image-preview:large","max-video-preview":"max-video-preview:-1"},"canonical":"https:\/\/www.eggo.lu\/fr\/mentions-legales\/","og_locale":"fr_FR","og_type":"article","og_title":"Mentions l\u00e9gales","og_description":"Toutes les informations l\u00e9gales d\u2019\u00e8ggo en un seul endroit : cadre juridique, coordonn\u00e9es de contact et obligations l\u00e9gales.","og_url":"https:\/\/www.eggo.lu\/fr\/mentions-legales\/","og_site_name":"Eggo","article_publisher":"https:\/\/www.facebook.com\/eggokitchen","article_modified_time":"2025-10-27T10:02:47+00:00","twitter_card":"summary_large_image","twitter_misc":{"Est. reading time":"2 minutes"},"schema":{"@context":"https:\/\/schema.org","@graph":[{"@type":"WebPage","@id":"https:\/\/www.eggo.lu\/fr\/mentions-legales\/","url":"https:\/\/www.eggo.lu\/fr\/mentions-legales\/","name":"Mentions l\u00e9gales \u00e8ggo : informations et cadre juridique","isPartOf":{"@id":"https:\/\/www.eggo.lu\/fr\/#website"},"datePublished":"2025-03-30T19:10:38+00:00","dateModified":"2025-10-27T10:02:47+00:00","description":"Toutes les informations l\u00e9gales d\u2019\u00e8ggo en un seul endroit : cadre juridique, coordonn\u00e9es de contact et obligations l\u00e9gales.","breadcrumb":{"@id":"https:\/\/www.eggo.lu\/fr\/mentions-legales\/#breadcrumb"},"inLanguage":"fr-FR","potentialAction":[{"@type":"ReadAction","target":["https:\/\/www.eggo.lu\/fr\/mentions-legales\/"]}]},{"@type":"BreadcrumbList","@id":"https:\/\/www.eggo.lu\/fr\/mentions-legales\/#breadcrumb","itemListElement":[{"@type":"ListItem","position":1,"name":"Home","item":"https:\/\/www.eggo.lu\/fr\/"},{"@type":"ListItem","position":2,"name":"Mentions l\u00e9gales"}]},{"@type":"WebSite","@id":"https:\/\/www.eggo.lu\/fr\/#website","url":"https:\/\/www.eggo.lu\/fr\/","name":"\u00e8ggo","description":"","publisher":{"@id":"https:\/\/www.eggo.lu\/fr\/#organization"},"potentialAction":[{"@type":"SearchAction","target":{"@type":"EntryPoint","urlTemplate":"https:\/\/www.eggo.lu\/fr\/?s={search_term_string}"},"query-input":{"@type":"PropertyValueSpecification","valueRequired":true,"valueName":"search_term_string"}}],"inLanguage":"fr-FR"},{"@type":["Organization","Place"],"@id":"https:\/\/www.eggo.lu\/fr\/#organization","name":"\u00e8ggo","alternateName":"eggo","url":"https:\/\/www.eggo.lu\/fr\/","logo":{"@id":"https:\/\/www.eggo.lu\/fr\/mentions-legales\/#local-main-organization-logo"},"image":{"@id":"https:\/\/www.eggo.lu\/fr\/mentions-legales\/#local-main-organization-logo"},"sameAs":["https:\/\/www.facebook.com\/eggokitchen","https:\/\/www.linkedin.com\/company\/eggo\/"],"description":"Des cuisines et meubles de rangement de qualit\u00e9 \u00e0 des prix avantageux ! D\u00e9couvrez nos mod\u00e8les et prenez rendez-vous en ligne dans votre showroom \u00e8ggo.","telephone":[],"openingHoursSpecification":[{"@type":"OpeningHoursSpecification","dayOfWeek":["Monday","Tuesday","Wednesday","Thursday","Friday","Saturday","Sunday"],"opens":"09:00","closes":"17:00"}]},{"@type":"ImageObject","inLanguage":"fr-FR","@id":"https:\/\/www.eggo.lu\/fr\/mentions-legales\/#local-main-organization-logo","url":"https:\/\/www.eggo.lu\/wp-content\/uploads\/2025\/01\/Logo.png","contentUrl":"https:\/\/www.eggo.lu\/wp-content\/uploads\/2025\/01\/Logo.png","width":88,"height":88,"caption":"\u00e8ggo"}]}},"meta_box":{"promotion_toggle":"0","small_featured_promotion_toggle":"0","promotion_icon":[],"promotion_description":"","promotion_period":"","promotion_link":"","promotion_bg_color":"#ffffff","promotion_text_color":"#fe5000","read_more_content":"","catalog_pdf":[]},"_links":{"self":[{"href":"https:\/\/www.eggo.lu\/fr\/wp-json\/wp\/v2\/pages\/15333","targetHints":{"allow":["GET"]}}],"collection":[{"href":"https:\/\/www.eggo.lu\/fr\/wp-json\/wp\/v2\/pages"}],"about":[{"href":"https:\/\/www.eggo.lu\/fr\/wp-json\/wp\/v2\/types\/page"}],"author":[{"embeddable":true,"href":"https:\/\/www.eggo.lu\/fr\/wp-json\/wp\/v2\/users\/1"}],"replies":[{"embeddable":true,"href":"https:\/\/www.eggo.lu\/fr\/wp-json\/wp\/v2\/comments?post=15333"}],"version-history":[{"count":37,"href":"https:\/\/www.eggo.lu\/fr\/wp-json\/wp\/v2\/pages\/15333\/revisions"}],"predecessor-version":[{"id":39694,"href":"https:\/\/www.eggo.lu\/fr\/wp-json\/wp\/v2\/pages\/15333\/revisions\/39694"}],"wp:attachment":[{"href":"https:\/\/www.eggo.lu\/fr\/wp-json\/wp\/v2\/media?parent=15333"}],"curies":[{"name":"wp","href":"https:\/\/api.w.org\/{rel}","templated":true}]}}